{"id":9605,"date":"2023-08-27T22:05:56","date_gmt":"2023-08-27T22:05:56","guid":{"rendered":"https:\/\/emegroup.al\/?page_id=9605"},"modified":"2023-08-29T07:46:52","modified_gmt":"2023-08-29T07:46:52","slug":"escalator-upgrades","status":"publish","type":"page","link":"https:\/\/emegroup.al\/sq\/escalator-upgrades\/","title":{"rendered":"P\u00ebrmir\u00ebsimet e shkall\u00ebve l\u00ebviz\u00ebse"},"content":{"rendered":"<section class=\"wpb-content-wrapper\"><div class=\"vc-custom-col-spacing clearfix vc-col-spacing-30\"><section id=\"first-row\" class=\"wpb_row vc_row-fluid vc_custom_1558754119849 vc_row-has-fill row-content-position-Default\"><div class=\"bauer-container\"><div class=\"row-inner clearfix\"><div class=\"wpb_column vc_column_container vc_col-sm-12\"><div class=\"vc_column-inner\"><div class=\"wpb_wrapper\"><div class=\"bauer-content-box clearfix\" ><div class=\"vc-custom-col-inner-spacing clearfix vc-col-inner-spacing-30\"><div class=\"wpb_row vc_inner vc_row-fluid\"><div class=\"wpb_column vc_column_container vc_col-sm-6\"><div class=\"vc_column-inner\"><div class=\"wpb_wrapper\"><h2 class=\"bauer-text clearfix\" style=\"font-size:42px;line-height:50px;margin-bottom:32px;\"><p>P\u00ebrmir\u00ebsimet e komponentit t\u00eb shkall\u00ebve l\u00ebviz\u00ebse<\/p>\n<\/h2><div class=\"bauer-text clearfix\" style=\"font-size:18px;line-height:30px;color:#414042;margin-bottom:34px;\"><p>P\u00ebr performanc\u00ebn, sigurin\u00eb dhe besueshm\u00ebrin\u00eb<\/p>\n<\/div><div class=\"bauer-text clearfix\" style=\"\"><p>EME offers upgrades in all areas: safety, performance, design, function, energy and appearance to make your escalators run smoother, safer and more reliably.<\/p>\n<p><strong>P\u00ebrmir\u00ebsimet e siguris\u00eb s\u00eb shkall\u00ebve l\u00ebviz\u00ebse<\/strong><\/p>\n<p><strong>Fur\u00e7a p\u00ebr fundin e shkall\u00ebve l\u00ebviz\u00ebse<\/strong><br \/>\nFur\u00e7at e montuara n\u00eb fundet e pal\u00ebvizshme, pik\u00ebrisht mbi shkall\u00ebt l\u00ebviz\u00ebse, ndihmojn\u00eb q\u00eb pasagjer\u00ebt t\u00eb mos vendosin k\u00ebmb\u00ebt e tyre kund\u00ebr nd\u00ebrfaqes s\u00eb skajit t\u00eb hapit. N\u00eb disa juridiksione, k\u00ebrkohen teste dhe shtimi i fur\u00e7ave t\u00eb skajit mund t\u00eb jet\u00eb i detyruesh\u00ebm.<\/p>\n<p><strong>Kreh\u00ebr sigurie p\u00ebr shkall\u00ebt l\u00ebviz\u00ebse<\/strong><br \/>\n\u00cbsht\u00eb e r\u00ebnd\u00ebsishme q\u00eb pasagjer\u00ebt q\u00eb hyjn\u00eb dhe dalin nga nj\u00eb shkall\u00eb l\u00ebviz\u00ebse t\u00eb shohin qart\u00eb pik\u00ebn ku mbulesa e pal\u00ebvizshme takohet me shkall\u00ebt l\u00ebviz\u00ebse. Kreh\u00ebrat me ngjyr\u00eb t\u00eb verdh\u00eb t\u00eb ndezur ndihmojn\u00eb p\u00ebr t\u00eb t\u00ebrhequr v\u00ebmendjen n\u00eb k\u00ebt\u00eb zon\u00eb t\u00eb r\u00ebnd\u00ebsishme t\u00eb tranzicionit.<\/p>\n<p><strong>Ndri\u00e7imi i demarkacionit t\u00eb hapit<\/strong><br \/>\nKy ndri\u00e7im n\u00ebn-shkall\u00eb i ndihmon pasagjer\u00ebt t\u00eb v\u00ebrejn\u00eb \"nd\u00ebrprerjen\" midis hapave, duke i inkurajuar ata t\u00eb q\u00ebndrojn\u00eb fort n\u00eb nj\u00eb shkall\u00eb t\u00eb vetme.<\/p>\n<p><strong>Shenjat e siguris\u00eb<\/strong><br \/>\nKa disa rregulla t\u00eb r\u00ebnd\u00ebsishme t\u00eb udh\u00ebtimit t\u00eb sigurt q\u00eb duhet t\u00eb ndjek\u00eb \u00e7do pasagjer. Shenjat tona t\u00ebrheq\u00ebse mund t\u00eb shtohen n\u00eb \u00e7do shkall\u00eb l\u00ebviz\u00ebse p\u00ebr t'u dh\u00ebn\u00eb kalor\u00ebsve k\u00ebto mesazhe t\u00eb r\u00ebnd\u00ebsishme.<\/p>\n<p><strong>Performanca e parmakut t\u00eb shkall\u00ebve l\u00ebviz\u00ebse<\/strong><br \/>\nP\u00ebrmir\u00ebsimet zvog\u00eblojn\u00eb konsumin dhe f\u00ebrkimin e parmakut dhe p\u00ebrmir\u00ebsojn\u00eb besueshm\u00ebrin\u00eb.<\/p>\n<\/div>\r\n\t<div class=\"bauer-spacer clearfix\" data-desktop=\"60\" data-mobi=\"30\" data-smobi=\"30\"><\/div><div class=\"button-wrap icon-right\" style=\"\" ><a href=\"tel: 355672064551\" target=\"_self\" class=\"bauer-button btn-1825135790 medium no_icon custom outline solid outline-accent\" style=\"border-radius:30px;border-width:2px;\"  data-background=\"\" data-text=\"#f35c27\" data-text-hover=\"#ffffff\" data-background-hover=\"#f35c27\">\r\n\t\t<span style=\"\">Oferta! <\/span>\r\n\t<\/a><\/div><\/div><\/div><\/div><div class=\"wpb_column vc_column_container vc_col-sm-6\"><div class=\"vc_column-inner\"><div class=\"wpb_wrapper\">\r\n\t<div class=\"bauer-spacer clearfix\" data-desktop=\"55\" data-mobi=\"40\" data-smobi=\"40\"><\/div><div class=\"bauer-simple-image text-center\" style=\"\" >\r\n\t\t\t<img decoding=\"async\" alt=\"image\" src=\"https:\/\/emegroup.al\/wp-content\/uploads\/2023\/08\/6fak11qgzvy11-scaled.jpg\" \/> \r\n\t\t<\/div><\/div><\/div><\/div><\/div><\/div><\/div>\r\n\t<div class=\"bauer-spacer clearfix\" data-desktop=\"100\" data-mobi=\"60\" data-smobi=\"60\"><\/div><\/div><\/div><\/div><\/div><\/div><\/section><\/div>\n<\/section>","protected":false},"excerpt":{"rendered":"Escalator component upgrades For performance, safety, and reliability EME offers upgrades in all areas: safety, performance, design, function, energy and appearance to make your escalators run smoother, safer and more reliably. Escalator safety upgrades Escalator skirt brushes Brushes mounted on the stationary skirts, just above the moving steps, help keep","protected":false},"author":1,"featured_media":0,"parent":0,"menu_order":0,"comment_status":"closed","ping_status":"closed","template":"","meta":{"footnotes":""},"class_list":["post-9605","page","type-page","status-publish","hentry"],"yoast_head":"<!-- This site is optimized with the Yoast SEO plugin v21.0 - https:\/\/yoast.com\/wordpress\/plugins\/seo\/ -->\n<title>Escalator upgrades<\/title>\n<meta name=\"robots\" content=\"index, follow, max-snippet:-1, max-image-preview:large, max-video-preview:-1\" \/>\n<link rel=\"canonical\" href=\"https:\/\/emegroup.al\/sq\/escalator-upgrades\/\" \/>\n<meta property=\"og:locale\" content=\"sq_AL\" \/>\n<meta property=\"og:type\" content=\"article\" \/>\n<meta property=\"og:title\" content=\"Escalator upgrades\" \/>\n<meta property=\"og:url\" content=\"https:\/\/emegroup.al\/sq\/escalator-upgrades\/\" \/>\n<meta property=\"og:site_name\" content=\"EMEGroup\" \/>\n<meta property=\"article:modified_time\" content=\"2023-08-29T07:46:52+00:00\" \/>\n<meta property=\"og:image\" content=\"https:\/\/emegroup.al\/wp-content\/uploads\/2023\/08\/logo.jpg\" \/>\n\t<meta property=\"og:image:width\" content=\"536\" \/>\n\t<meta property=\"og:image:height\" content=\"366\" \/>\n\t<meta property=\"og:image:type\" content=\"image\/jpeg\" \/>\n<meta name=\"twitter:card\" content=\"summary_large_image\" \/>\n<meta name=\"twitter:label1\" content=\"Est. reading time\" \/>\n\t<meta name=\"twitter:data1\" content=\"2 minuta\" \/>\n<script type=\"application\/ld+json\" class=\"yoast-schema-graph\">{\"@context\":\"https:\/\/schema.org\",\"@graph\":[{\"@type\":\"WebPage\",\"@id\":\"https:\/\/emegroup.al\/sq\/escalator-upgrades\/\",\"url\":\"https:\/\/emegroup.al\/sq\/escalator-upgrades\/\",\"name\":\"Escalator upgrades\",\"isPartOf\":{\"@id\":\"https:\/\/emegroup.al\/#website\"},\"datePublished\":\"2023-08-27T22:05:56+00:00\",\"dateModified\":\"2023-08-29T07:46:52+00:00\",\"breadcrumb\":{\"@id\":\"https:\/\/emegroup.al\/sq\/escalator-upgrades\/#breadcrumb\"},\"inLanguage\":\"sq\",\"potentialAction\":[{\"@type\":\"ReadAction\",\"target\":[\"https:\/\/emegroup.al\/sq\/escalator-upgrades\/\"]}]},{\"@type\":\"BreadcrumbList\",\"@id\":\"https:\/\/emegroup.al\/sq\/escalator-upgrades\/#breadcrumb\",\"itemListElement\":[{\"@type\":\"ListItem\",\"position\":1,\"name\":\"Home\",\"item\":\"https:\/\/emegroup.al\/\"},{\"@type\":\"ListItem\",\"position\":2,\"name\":\"Escalator upgrades\"}]},{\"@type\":\"WebSite\",\"@id\":\"https:\/\/emegroup.al\/#website\",\"url\":\"https:\/\/emegroup.al\/\",\"name\":\"EMEGroup\",\"description\":\"\",\"publisher\":{\"@id\":\"https:\/\/emegroup.al\/#organization\"},\"potentialAction\":[{\"@type\":\"SearchAction\",\"target\":{\"@type\":\"EntryPoint\",\"urlTemplate\":\"https:\/\/emegroup.al\/?s={search_term_string}\"},\"query-input\":\"required name=search_term_string\"}],\"inLanguage\":\"sq\"},{\"@type\":\"Organization\",\"@id\":\"https:\/\/emegroup.al\/#organization\",\"name\":\"EMEGroup\",\"url\":\"https:\/\/emegroup.al\/\",\"logo\":{\"@type\":\"ImageObject\",\"inLanguage\":\"sq\",\"@id\":\"https:\/\/emegroup.al\/#\/schema\/logo\/image\/\",\"url\":\"https:\/\/emegroup.al\/wp-content\/uploads\/2023\/08\/logoeme.jpg\",\"contentUrl\":\"https:\/\/emegroup.al\/wp-content\/uploads\/2023\/08\/logoeme.jpg\",\"width\":416,\"height\":250,\"caption\":\"EMEGroup\"},\"image\":{\"@id\":\"https:\/\/emegroup.al\/#\/schema\/logo\/image\/\"}}]}<\/script>\n<!-- \/ Yoast SEO plugin. -->","yoast_head_json":{"title":"Escalator upgrades","robots":{"index":"index","follow":"follow","max-snippet":"max-snippet:-1","max-image-preview":"max-image-preview:large","max-video-preview":"max-video-preview:-1"},"canonical":"https:\/\/emegroup.al\/sq\/escalator-upgrades\/","og_locale":"sq_AL","og_type":"article","og_title":"Escalator upgrades","og_url":"https:\/\/emegroup.al\/sq\/escalator-upgrades\/","og_site_name":"EMEGroup","article_modified_time":"2023-08-29T07:46:52+00:00","og_image":[{"width":536,"height":366,"url":"https:\/\/emegroup.al\/wp-content\/uploads\/2023\/08\/logo.jpg","type":"image\/jpeg"}],"twitter_card":"summary_large_image","twitter_misc":{"Est. reading time":"2 minuta"},"schema":{"@context":"https:\/\/schema.org","@graph":[{"@type":"WebPage","@id":"https:\/\/emegroup.al\/sq\/escalator-upgrades\/","url":"https:\/\/emegroup.al\/sq\/escalator-upgrades\/","name":"Escalator upgrades","isPartOf":{"@id":"https:\/\/emegroup.al\/#website"},"datePublished":"2023-08-27T22:05:56+00:00","dateModified":"2023-08-29T07:46:52+00:00","breadcrumb":{"@id":"https:\/\/emegroup.al\/sq\/escalator-upgrades\/#breadcrumb"},"inLanguage":"sq","potentialAction":[{"@type":"ReadAction","target":["https:\/\/emegroup.al\/sq\/escalator-upgrades\/"]}]},{"@type":"BreadcrumbList","@id":"https:\/\/emegroup.al\/sq\/escalator-upgrades\/#breadcrumb","itemListElement":[{"@type":"ListItem","position":1,"name":"Home","item":"https:\/\/emegroup.al\/"},{"@type":"ListItem","position":2,"name":"Escalator upgrades"}]},{"@type":"WebSite","@id":"https:\/\/emegroup.al\/#website","url":"https:\/\/emegroup.al\/","name":"EMEGroup","description":"","publisher":{"@id":"https:\/\/emegroup.al\/#organization"},"potentialAction":[{"@type":"SearchAction","target":{"@type":"EntryPoint","urlTemplate":"https:\/\/emegroup.al\/?s={search_term_string}"},"query-input":"required name=search_term_string"}],"inLanguage":"sq"},{"@type":"Organization","@id":"https:\/\/emegroup.al\/#organization","name":"EMEGroup","url":"https:\/\/emegroup.al\/","logo":{"@type":"ImageObject","inLanguage":"sq","@id":"https:\/\/emegroup.al\/#\/schema\/logo\/image\/","url":"https:\/\/emegroup.al\/wp-content\/uploads\/2023\/08\/logoeme.jpg","contentUrl":"https:\/\/emegroup.al\/wp-content\/uploads\/2023\/08\/logoeme.jpg","width":416,"height":250,"caption":"EMEGroup"},"image":{"@id":"https:\/\/emegroup.al\/#\/schema\/logo\/image\/"}}]}},"_links":{"self":[{"href":"https:\/\/emegroup.al\/sq\/wp-json\/wp\/v2\/pages\/9605","targetHints":{"allow":["GET"]}}],"collection":[{"href":"https:\/\/emegroup.al\/sq\/wp-json\/wp\/v2\/pages"}],"about":[{"href":"https:\/\/emegroup.al\/sq\/wp-json\/wp\/v2\/types\/page"}],"author":[{"embeddable":true,"href":"https:\/\/emegroup.al\/sq\/wp-json\/wp\/v2\/users\/1"}],"replies":[{"embeddable":true,"href":"https:\/\/emegroup.al\/sq\/wp-json\/wp\/v2\/comments?post=9605"}],"version-history":[{"count":3,"href":"https:\/\/emegroup.al\/sq\/wp-json\/wp\/v2\/pages\/9605\/revisions"}],"predecessor-version":[{"id":9677,"href":"https:\/\/emegroup.al\/sq\/wp-json\/wp\/v2\/pages\/9605\/revisions\/9677"}],"wp:attachment":[{"href":"https:\/\/emegroup.al\/sq\/wp-json\/wp\/v2\/media?parent=9605"}],"curies":[{"name":"wp","href":"https:\/\/api.w.org\/{rel}","templated":true}]}}