{"id":9572,"date":"2023-08-27T17:02:53","date_gmt":"2023-08-27T17:02:53","guid":{"rendered":"https:\/\/emegroup.al\/?page_id=9572"},"modified":"2023-08-27T17:03:20","modified_gmt":"2023-08-27T17:03:20","slug":"schindler-9500-inclined","status":"publish","type":"page","link":"https:\/\/emegroup.al\/sq\/schindler-9500-inclined\/","title":{"rendered":"Schindler 9500 inclined"},"content":{"rendered":"<section class=\"wpb-content-wrapper\"><div class=\"vc-custom-col-spacing clearfix vc-col-spacing-30\"><section id=\"first-row\" class=\"wpb_row vc_row-fluid vc_custom_1558754119849 vc_row-has-fill row-content-position-Default\"><div class=\"bauer-container\"><div class=\"row-inner clearfix\"><div class=\"wpb_column vc_column_container vc_col-sm-12\"><div class=\"vc_column-inner\"><div class=\"wpb_wrapper\"><div class=\"bauer-content-box clearfix\" ><div class=\"vc-custom-col-inner-spacing clearfix vc-col-inner-spacing-30\"><div class=\"wpb_row vc_inner vc_row-fluid\"><div class=\"wpb_column vc_column_container vc_col-sm-6\"><div class=\"vc_column-inner\"><div class=\"wpb_wrapper\"><h2 class=\"bauer-text clearfix\" style=\"font-size:42px;line-height:50px;margin-bottom:32px;\"><h1 class=\"sc-m-hero-product__heading\"><span class=\"sc-m-hero-product__headline\">Schindler 9500 ecje e prirur n\u00eb l\u00ebvizje<\/span><\/h1>\n<\/h2><div class=\"bauer-text clearfix\" style=\"font-size:18px;line-height:30px;color:#414042;margin-bottom:34px;\"><p>P\u00ebr aplikim t\u00eb brendsh\u00ebm\/t\u00eb jasht\u00ebm<\/p>\n<\/div><div class=\"bauer-text clearfix\" style=\"\"><p>Ne kemi zhvilluar ecjen l\u00ebviz\u00ebse t\u00eb prirur Schindler 9500AE ve\u00e7an\u00ebrisht p\u00ebr qendrat tregtare, duke ofruar transport t\u00eb qet\u00eb dhe t\u00eb rehatsh\u00ebm nga kati n\u00eb dysheme.<\/p>\n<div class=\"sc-m-core-text--wrapper\">\n<div class=\"sc-m-core-text\">\n<div data-cmp-data-layer=\"{&quot;c01_text-09a46eb6ab&quot;:{&quot;@type&quot;:&quot;schindler-aem\/core\/components\/content\/c01_text&quot;,&quot;repo:modifyDate&quot;:&quot;2021-06-11T14:55:41Z&quot;,&quot;xdm:text&quot;:&quot;&lt;p&gt;Developed especially for shopping malls, Schindler 9500AE inclined moving walks provide quiet, comfortable transportation from floor to floor. Schindler assures dependable performance and passenger safety. Streamlined and flexible in design, these units leave plenty of room for architectural expression, indoors or outside.&lt;\/p&gt;\\r\\n&quot;}}\" id=\"c01_text-09a46eb6ab\" class=\"cmp-text\" style=\"box-sizing: border-box; margin-bottom: 64px;\">\n<p>Zhvilluar ve\u00e7an\u00ebrisht p\u00ebr qendrat tregtare, sh\u00ebtitjet l\u00ebviz\u00ebse me prirje Schindler 9500AE ofrojn\u00eb transport t\u00eb qet\u00eb dhe t\u00eb rehatsh\u00ebm nga dyshemeja n\u00eb dysheme. EME siguron performanc\u00eb t\u00eb besueshme dhe siguri t\u00eb pasagjer\u00ebve. T\u00eb thjeshta dhe fleksib\u00ebl n\u00eb dizajn, k\u00ebto nj\u00ebsi l\u00ebn\u00eb shum\u00eb hap\u00ebsir\u00eb p\u00ebr shprehje arkitekturore, brenda ose jasht\u00eb.<\/p>\n<\/div>\n<\/div>\n<\/div>\n<div class=\"c10_table text\">\n<div class=\"sc-grid\" data-cmp-data-layer=\"{&quot;c10_table-49d3f45a5c&quot;:{&quot;parentId&quot;:&quot;container_c31_column_control-c807f7068e&quot;,&quot;@type&quot;:&quot;schindler-aem\/core\/components\/content\/c10_table&quot;,&quot;dc:description&quot;:&quot;&quot;}}\" id=\"c10_table-49d3f45a5c\">\n<div class=\"sc-grid-row\">\n<div class=\"sc-grid-col-mq1-12\">\n<table class=\"sc-m-table\">\n<tbody>\n<tr>\n<td><strong>Rritja maksimale<\/strong><\/td>\n<td>24\u2019 7-1\/4&#8243; at a pallet width of 40&#8243;<\/td>\n<\/tr>\n<tr>\n<td><strong>K\u00ebndi i prirjes<\/strong><\/td>\n<td>10\u00b0 to 12\u00b0<\/td>\n<\/tr>\n<tr>\n<td><strong>Lart\u00ebsia e balustrad\u00ebs<\/strong><\/td>\n<td>2\u2019 11-7\/16&#8243;<\/td>\n<\/tr>\n<tr>\n<td><strong>Gjer\u00ebsia e palet\u00ebs<\/strong><\/td>\n<td>32&#8243; \/ 40&#8243;<\/td>\n<\/tr>\n<\/tbody>\n<\/table>\n<\/div>\n<\/div>\n<\/div>\n<\/div>\n<\/div>\r\n\t<div class=\"bauer-spacer clearfix\" data-desktop=\"60\" data-mobi=\"30\" data-smobi=\"30\"><\/div><div class=\"button-wrap icon-right\" style=\"\" ><a href=\"tel: 355672064551\" target=\"_self\" class=\"bauer-button btn-1291130529 medium no_icon custom outline solid outline-accent\" style=\"border-radius:30px;border-width:2px;\"  data-background=\"\" data-text=\"#f35c27\" data-text-hover=\"#ffffff\" data-background-hover=\"#f35c27\">\r\n\t\t<span style=\"\">Oferta! <\/span>\r\n\t<\/a><\/div><\/div><\/div><\/div><div class=\"wpb_column vc_column_container vc_col-sm-6\"><div class=\"vc_column-inner\"><div class=\"wpb_wrapper\">\r\n\t<div class=\"bauer-spacer clearfix\" data-desktop=\"55\" data-mobi=\"40\" data-smobi=\"40\"><\/div><div class=\"bauer-simple-image text-center\" style=\"\" >\r\n\t\t\t<img decoding=\"async\" alt=\"image\" src=\"https:\/\/emegroup.al\/wp-content\/uploads\/2023\/08\/schindler-moving-walks-at-istanbul-airport-turkey.jpg\" \/> \r\n\t\t<\/div><\/div><\/div><\/div><\/div><\/div><\/div>\r\n\t<div class=\"bauer-spacer clearfix\" data-desktop=\"100\" data-mobi=\"60\" data-smobi=\"60\"><\/div><\/div><\/div><\/div><\/div><\/div><\/section><\/div><div class=\"vc-custom-col-spacing clearfix vc-col-spacing-30\"><section class=\"wpb_row vc_row-fluid row-content-position-Default\"><div class=\"bauer-container\"><div class=\"row-inner clearfix\"><div class=\"wpb_column vc_column_container vc_col-sm-6\"><div class=\"vc_column-inner\"><div class=\"wpb_wrapper\"><div class=\"bauer-single-heading clearfix\" style=\"\"><span class=\"inner\"><span class=\"heading clearfix\" style=\"color:#000000;font-size:24px;\">\r\n\t\tShkarko Broshuren\r\n\t<\/span><\/span><\/div><div class=\"\"><a class=\"bauer-links link-style-1\" href=\"https:\/\/www.schindler.com\/content\/dam\/website\/us\/docs\/moving-walks\/schindler-9500-inclined-moving-walks-brochure.pdf\/_jcr_content\/renditions\/original.\/schindler-9500-inclined-moving-walks-brochure.pdf\" style=\"color:#dd3333;\" >\r\n\t\t\t<span class=\"text\" style=\"\">Schindler 9500AE inclined moving walks brochure (PDF, 1 MB)<\/span> \r\n\t\t<\/a><\/div><div class=\"bauer-divider divider-center divider-solid\" style=\"border-top-color:#000000;\"><\/div><div class=\"clearfix\"><\/div><div class=\"\"><a class=\"bauer-links link-style-1\" href=\"https:\/\/www.schindler.com\/content\/dam\/website\/us\/docs\/moving-walks\/9500ae-10-layout-data.pdf\/_jcr_content\/renditions\/original.\/9500ae-10-layout-data.pdf\" style=\"color:#dd3333;\" >\r\n\t\t\t<span class=\"text\" style=\"\">Schindler 9500AE-10 layout data sheet (PDF, 354 KB)<\/span> \r\n\t\t<\/a><\/div><\/div><\/div><\/div><div class=\"wpb_column vc_column_container vc_col-sm-6\"><div class=\"vc_column-inner\"><div class=\"wpb_wrapper\"><\/div><\/div><\/div><\/div><\/div><\/section><\/div>\n<\/section>","protected":false},"excerpt":{"rendered":"Schindler 9500 inclined moving walk For indoor\/outdoor application We\u2019ve developed the Schindler 9500AE inclined moving walk especially for shopping malls, providing quiet and comfortable transportation from floor to floor. Developed especially for shopping malls, Schindler 9500AE inclined moving walks provide quiet, comfortable transportation from floor to floor. Schindler assures dependable","protected":false},"author":1,"featured_media":0,"parent":0,"menu_order":0,"comment_status":"closed","ping_status":"closed","template":"","meta":{"footnotes":""},"class_list":["post-9572","page","type-page","status-publish","hentry"],"yoast_head":"<!-- This site is optimized with the Yoast SEO plugin v21.0 - https:\/\/yoast.com\/wordpress\/plugins\/seo\/ -->\n<title>Schindler 9500 inclined<\/title>\n<meta name=\"robots\" content=\"index, follow, max-snippet:-1, max-image-preview:large, max-video-preview:-1\" \/>\n<link rel=\"canonical\" href=\"https:\/\/emegroup.al\/sq\/schindler-9500-inclined\/\" \/>\n<meta property=\"og:locale\" content=\"sq_AL\" \/>\n<meta property=\"og:type\" content=\"article\" \/>\n<meta property=\"og:title\" content=\"Schindler 9500 inclined\" \/>\n<meta property=\"og:url\" content=\"https:\/\/emegroup.al\/sq\/schindler-9500-inclined\/\" \/>\n<meta property=\"og:site_name\" content=\"EMEGroup\" \/>\n<meta property=\"article:modified_time\" content=\"2023-08-27T17:03:20+00:00\" \/>\n<meta property=\"og:image\" content=\"https:\/\/emegroup.al\/wp-content\/uploads\/2023\/08\/logo.jpg\" \/>\n\t<meta property=\"og:image:width\" content=\"536\" \/>\n\t<meta property=\"og:image:height\" content=\"366\" \/>\n\t<meta property=\"og:image:type\" content=\"image\/jpeg\" \/>\n<meta name=\"twitter:card\" content=\"summary_large_image\" \/>\n<meta name=\"twitter:label1\" content=\"Est. reading time\" \/>\n\t<meta name=\"twitter:data1\" content=\"2 minuta\" \/>\n<script type=\"application\/ld+json\" class=\"yoast-schema-graph\">{\"@context\":\"https:\/\/schema.org\",\"@graph\":[{\"@type\":\"WebPage\",\"@id\":\"https:\/\/emegroup.al\/schindler-9500-inclined\/\",\"url\":\"https:\/\/emegroup.al\/schindler-9500-inclined\/\",\"name\":\"Schindler 9500 inclined\",\"isPartOf\":{\"@id\":\"https:\/\/emegroup.al\/#website\"},\"datePublished\":\"2023-08-27T17:02:53+00:00\",\"dateModified\":\"2023-08-27T17:03:20+00:00\",\"breadcrumb\":{\"@id\":\"https:\/\/emegroup.al\/schindler-9500-inclined\/#breadcrumb\"},\"inLanguage\":\"sq\",\"potentialAction\":[{\"@type\":\"ReadAction\",\"target\":[\"https:\/\/emegroup.al\/schindler-9500-inclined\/\"]}]},{\"@type\":\"BreadcrumbList\",\"@id\":\"https:\/\/emegroup.al\/schindler-9500-inclined\/#breadcrumb\",\"itemListElement\":[{\"@type\":\"ListItem\",\"position\":1,\"name\":\"Home\",\"item\":\"https:\/\/emegroup.al\/\"},{\"@type\":\"ListItem\",\"position\":2,\"name\":\"Schindler 9500 inclined\"}]},{\"@type\":\"WebSite\",\"@id\":\"https:\/\/emegroup.al\/#website\",\"url\":\"https:\/\/emegroup.al\/\",\"name\":\"EMEGroup\",\"description\":\"\",\"publisher\":{\"@id\":\"https:\/\/emegroup.al\/#organization\"},\"potentialAction\":[{\"@type\":\"SearchAction\",\"target\":{\"@type\":\"EntryPoint\",\"urlTemplate\":\"https:\/\/emegroup.al\/?s={search_term_string}\"},\"query-input\":\"required name=search_term_string\"}],\"inLanguage\":\"sq\"},{\"@type\":\"Organization\",\"@id\":\"https:\/\/emegroup.al\/#organization\",\"name\":\"EMEGroup\",\"url\":\"https:\/\/emegroup.al\/\",\"logo\":{\"@type\":\"ImageObject\",\"inLanguage\":\"sq\",\"@id\":\"https:\/\/emegroup.al\/#\/schema\/logo\/image\/\",\"url\":\"https:\/\/emegroup.al\/wp-content\/uploads\/2023\/08\/logoeme.jpg\",\"contentUrl\":\"https:\/\/emegroup.al\/wp-content\/uploads\/2023\/08\/logoeme.jpg\",\"width\":416,\"height\":250,\"caption\":\"EMEGroup\"},\"image\":{\"@id\":\"https:\/\/emegroup.al\/#\/schema\/logo\/image\/\"}}]}<\/script>\n<!-- \/ Yoast SEO plugin. -->","yoast_head_json":{"title":"Schindler 9500 inclined","robots":{"index":"index","follow":"follow","max-snippet":"max-snippet:-1","max-image-preview":"max-image-preview:large","max-video-preview":"max-video-preview:-1"},"canonical":"https:\/\/emegroup.al\/sq\/schindler-9500-inclined\/","og_locale":"sq_AL","og_type":"article","og_title":"Schindler 9500 inclined","og_url":"https:\/\/emegroup.al\/sq\/schindler-9500-inclined\/","og_site_name":"EMEGroup","article_modified_time":"2023-08-27T17:03:20+00:00","og_image":[{"width":536,"height":366,"url":"https:\/\/emegroup.al\/wp-content\/uploads\/2023\/08\/logo.jpg","type":"image\/jpeg"}],"twitter_card":"summary_large_image","twitter_misc":{"Est. reading time":"2 minuta"},"schema":{"@context":"https:\/\/schema.org","@graph":[{"@type":"WebPage","@id":"https:\/\/emegroup.al\/schindler-9500-inclined\/","url":"https:\/\/emegroup.al\/schindler-9500-inclined\/","name":"Schindler 9500 inclined","isPartOf":{"@id":"https:\/\/emegroup.al\/#website"},"datePublished":"2023-08-27T17:02:53+00:00","dateModified":"2023-08-27T17:03:20+00:00","breadcrumb":{"@id":"https:\/\/emegroup.al\/schindler-9500-inclined\/#breadcrumb"},"inLanguage":"sq","potentialAction":[{"@type":"ReadAction","target":["https:\/\/emegroup.al\/schindler-9500-inclined\/"]}]},{"@type":"BreadcrumbList","@id":"https:\/\/emegroup.al\/schindler-9500-inclined\/#breadcrumb","itemListElement":[{"@type":"ListItem","position":1,"name":"Home","item":"https:\/\/emegroup.al\/"},{"@type":"ListItem","position":2,"name":"Schindler 9500 inclined"}]},{"@type":"WebSite","@id":"https:\/\/emegroup.al\/#website","url":"https:\/\/emegroup.al\/","name":"EMEGroup","description":"","publisher":{"@id":"https:\/\/emegroup.al\/#organization"},"potentialAction":[{"@type":"SearchAction","target":{"@type":"EntryPoint","urlTemplate":"https:\/\/emegroup.al\/?s={search_term_string}"},"query-input":"required name=search_term_string"}],"inLanguage":"sq"},{"@type":"Organization","@id":"https:\/\/emegroup.al\/#organization","name":"EMEGroup","url":"https:\/\/emegroup.al\/","logo":{"@type":"ImageObject","inLanguage":"sq","@id":"https:\/\/emegroup.al\/#\/schema\/logo\/image\/","url":"https:\/\/emegroup.al\/wp-content\/uploads\/2023\/08\/logoeme.jpg","contentUrl":"https:\/\/emegroup.al\/wp-content\/uploads\/2023\/08\/logoeme.jpg","width":416,"height":250,"caption":"EMEGroup"},"image":{"@id":"https:\/\/emegroup.al\/#\/schema\/logo\/image\/"}}]}},"_links":{"self":[{"href":"https:\/\/emegroup.al\/sq\/wp-json\/wp\/v2\/pages\/9572","targetHints":{"allow":["GET"]}}],"collection":[{"href":"https:\/\/emegroup.al\/sq\/wp-json\/wp\/v2\/pages"}],"about":[{"href":"https:\/\/emegroup.al\/sq\/wp-json\/wp\/v2\/types\/page"}],"author":[{"embeddable":true,"href":"https:\/\/emegroup.al\/sq\/wp-json\/wp\/v2\/users\/1"}],"replies":[{"embeddable":true,"href":"https:\/\/emegroup.al\/sq\/wp-json\/wp\/v2\/comments?post=9572"}],"version-history":[{"count":2,"href":"https:\/\/emegroup.al\/sq\/wp-json\/wp\/v2\/pages\/9572\/revisions"}],"predecessor-version":[{"id":9574,"href":"https:\/\/emegroup.al\/sq\/wp-json\/wp\/v2\/pages\/9572\/revisions\/9574"}],"wp:attachment":[{"href":"https:\/\/emegroup.al\/sq\/wp-json\/wp\/v2\/media?parent=9572"}],"curies":[{"name":"wp","href":"https:\/\/api.w.org\/{rel}","templated":true}]}}