{"id":9569,"date":"2023-08-27T17:00:28","date_gmt":"2023-08-27T17:00:28","guid":{"rendered":"https:\/\/emegroup.al\/?page_id=9569"},"modified":"2023-08-27T17:03:50","modified_gmt":"2023-08-27T17:03:50","slug":"schindler-9500-horizontal","status":"publish","type":"page","link":"https:\/\/emegroup.al\/sq\/schindler-9500-horizontal\/","title":{"rendered":"Schindler 9500 horizontal"},"content":{"rendered":"<section class=\"wpb-content-wrapper\"><div class=\"vc-custom-col-spacing clearfix vc-col-spacing-30\"><section id=\"first-row\" class=\"wpb_row vc_row-fluid vc_custom_1558754119849 vc_row-has-fill row-content-position-Default\"><div class=\"bauer-container\"><div class=\"row-inner clearfix\"><div class=\"wpb_column vc_column_container vc_col-sm-12\"><div class=\"vc_column-inner\"><div class=\"wpb_wrapper\"><div class=\"bauer-content-box clearfix\" ><div class=\"vc-custom-col-inner-spacing clearfix vc-col-inner-spacing-30\"><div class=\"wpb_row vc_inner vc_row-fluid\"><div class=\"wpb_column vc_column_container vc_col-sm-6\"><div class=\"vc_column-inner\"><div class=\"wpb_wrapper\"><h2 class=\"bauer-text clearfix\" style=\"font-size:42px;line-height:50px;margin-bottom:32px;\"><h1 class=\"sc-m-hero-product__heading\"><span class=\"sc-m-hero-product__headline\">Schindler 9500 ecje me l\u00ebvizje horizontale<\/span><\/h1>\n<\/h2><div class=\"bauer-text clearfix\" style=\"font-size:18px;line-height:30px;color:#414042;margin-bottom:34px;\"><p>P\u00ebr transport publik<\/p>\n<\/div><div class=\"bauer-text clearfix\" style=\"\"><p>Ecja horizontale l\u00ebviz\u00ebse Schindler 9500 \u00ebsht\u00eb ideale p\u00ebr t\u00eb p\u00ebrmbushur k\u00ebrkesat e pasagjer\u00ebve dhe k\u00ebrkesat e transportit publik n\u00eb aeroporte dhe objekte t\u00eb tjera.<\/p>\n<div class=\"sc-m-core-text--wrapper\">\n<div class=\"sc-m-core-text\">\n<div data-cmp-data-layer=\"{&quot;c01_text-b5b744fc11&quot;:{&quot;@type&quot;:&quot;schindler-aem\/core\/components\/content\/c01_text&quot;,&quot;repo:modifyDate&quot;:&quot;2021-07-28T14:00:14Z&quot;,&quot;xdm:text&quot;:&quot;&lt;p&gt;Schindler 9500 horizontal moving walks are the ideal solution for transportation lengths up to 328'. With widths of up to 4' 8\\&quot;, the Schindler 9500 horizontal moving walk is ideal for meeting the passenger demand and public transportation requirements at airports, convention centers and other facilities.&lt;\/p&gt;\\r\\n&quot;}}\" id=\"c01_text-b5b744fc11\" class=\"cmp-text\" style=\"box-sizing: border-box; margin-bottom: 64px;\">\n<p>Sh\u00ebtitjet me l\u00ebvizje horizontale Schindler 9500 jan\u00eb zgjidhja ideale p\u00ebr gjat\u00ebsit\u00eb e transportit deri n\u00eb 328\u2032. Me gjer\u00ebsi deri n\u00eb 4\u2032 8\u2033, ecja horizontale l\u00ebviz\u00ebse Schindler 9500 \u00ebsht\u00eb ideale p\u00ebr t\u00eb p\u00ebrmbushur k\u00ebrkesat e pasagjer\u00ebve dhe k\u00ebrkesat e transportit publik n\u00eb aeroporte, qendra konventash dhe objekte t\u00eb tjera.<\/p>\n<\/div>\n<\/div>\n<\/div>\n<div class=\"c10_table text\">\n<div class=\"sc-grid\" data-cmp-data-layer=\"{&quot;c10_table-21880dfcdd&quot;:{&quot;parentId&quot;:&quot;container_c31_column_control-5a21f2190d&quot;,&quot;@type&quot;:&quot;schindler-aem\/core\/components\/content\/c10_table&quot;,&quot;dc:description&quot;:&quot;&quot;}}\" id=\"c10_table-21880dfcdd\">\n<div class=\"sc-grid-row\">\n<div class=\"sc-grid-col-mq1-12\">\n<table class=\"sc-m-table\">\n<tbody>\n<tr>\n<td><strong>Gjatesia maksimale<\/strong><\/td>\n<td>328&#8242;<\/td>\n<\/tr>\n<tr>\n<td><strong>K\u00ebndi i prirjes<\/strong><\/td>\n<td>0\u00b0 to 3\u00b0<\/td>\n<\/tr>\n<tr>\n<td><strong>Lart\u00ebsia e balustrad\u00ebs<\/strong><\/td>\n<td>3&#8242; 3-3\/8&#8243;<\/td>\n<\/tr>\n<tr>\n<td><strong>Gjer\u00ebsia e palet\u00ebs<\/strong><\/td>\n<td>3&#8242; 4&#8243; \/ 4&#8242; 0&#8243; \/ 4&#8242; 8&#8243;<\/td>\n<\/tr>\n<\/tbody>\n<\/table>\n<\/div>\n<\/div>\n<\/div>\n<\/div>\n<\/div>\r\n\t<div class=\"bauer-spacer clearfix\" data-desktop=\"60\" data-mobi=\"30\" data-smobi=\"30\"><\/div><div class=\"button-wrap icon-right\" style=\"\" ><a href=\"tel: 355672064551\" target=\"_self\" class=\"bauer-button btn-1545463204 medium no_icon custom outline solid outline-accent\" style=\"border-radius:30px;border-width:2px;\"  data-background=\"\" data-text=\"#f35c27\" data-text-hover=\"#ffffff\" data-background-hover=\"#f35c27\">\r\n\t\t<span style=\"\">Oferta! <\/span>\r\n\t<\/a><\/div><\/div><\/div><\/div><div class=\"wpb_column vc_column_container vc_col-sm-6\"><div class=\"vc_column-inner\"><div class=\"wpb_wrapper\">\r\n\t<div class=\"bauer-spacer clearfix\" data-desktop=\"55\" data-mobi=\"40\" data-smobi=\"40\"><\/div><div class=\"bauer-simple-image text-center\" style=\"\" >\r\n\t\t\t<img decoding=\"async\" alt=\"image\" src=\"https:\/\/emegroup.al\/wp-content\/uploads\/2023\/08\/schindler-moving-walks-at-istanbul-airport-turkey.jpg\" \/> \r\n\t\t<\/div><\/div><\/div><\/div><\/div><\/div><\/div>\r\n\t<div class=\"bauer-spacer clearfix\" data-desktop=\"100\" data-mobi=\"60\" data-smobi=\"60\"><\/div><\/div><\/div><\/div><\/div><\/div><\/section><\/div><div class=\"vc-custom-col-spacing clearfix vc-col-spacing-30\"><section class=\"wpb_row vc_row-fluid row-content-position-Default\"><div class=\"bauer-container\"><div class=\"row-inner clearfix\"><div class=\"wpb_column vc_column_container vc_col-sm-6\"><div class=\"vc_column-inner\"><div class=\"wpb_wrapper\"><div class=\"bauer-single-heading clearfix\" style=\"\"><span class=\"inner\"><span class=\"heading clearfix\" style=\"color:#000000;font-size:24px;\">\r\n\t\tShkarko Broshuren\r\n\t<\/span><\/span><\/div><div class=\"\"><a class=\"bauer-links link-style-1\" href=\"https:\/\/www.schindler.com\/content\/dam\/website\/us\/docs\/moving-walks\/schindler-9500-horizontal-moving-walks-brochure.pdf\/_jcr_content\/renditions\/original.\/schindler-9500-horizontal-moving-walks-brochure.pdf\" style=\"color:#dd3333;\" >\r\n\t\t\t<span class=\"text\" style=\"\">Schindler 9500 horizontal moving walks brochure (PDF, 5 MB)<\/span> \r\n\t\t<\/a><\/div><div class=\"bauer-divider divider-center divider-solid\" style=\"border-top-color:#000000;\"><\/div><div class=\"clearfix\"><\/div><div class=\"\"><a class=\"bauer-links link-style-1\" href=\"https:\/\/www.schindler.com\/content\/dam\/website\/us\/docs\/moving-walks\/9500-30-layout-data.pdf\/_jcr_content\/renditions\/original.\/9500-30-layout-data.pdf\" style=\"color:#dd3333;\" >\r\n\t\t\t<span class=\"text\" style=\"\">Schindler 9500-30 layout data sheet (PDF, 645 KB)<\/span> \r\n\t\t<\/a><\/div><\/div><\/div><\/div><div class=\"wpb_column vc_column_container vc_col-sm-6\"><div class=\"vc_column-inner\"><div class=\"wpb_wrapper\"><\/div><\/div><\/div><\/div><\/div><\/section><\/div>\n<\/section>","protected":false},"excerpt":{"rendered":"Schindler 9500 horizontal moving walk For public transit The Schindler 9500 horizontal moving walk is ideal for meeting the passenger demand and public transportation requirements at airports and other facilities. Schindler 9500 horizontal moving walks are the ideal solution for transportation lengths up to 328'. With widths of up to","protected":false},"author":1,"featured_media":0,"parent":0,"menu_order":0,"comment_status":"closed","ping_status":"closed","template":"","meta":{"footnotes":""},"class_list":["post-9569","page","type-page","status-publish","hentry"],"yoast_head":"<!-- This site is optimized with the Yoast SEO plugin v21.0 - https:\/\/yoast.com\/wordpress\/plugins\/seo\/ -->\n<title>Schindler 9500 horizontal<\/title>\n<meta name=\"robots\" content=\"index, follow, max-snippet:-1, max-image-preview:large, max-video-preview:-1\" \/>\n<link rel=\"canonical\" href=\"https:\/\/emegroup.al\/sq\/schindler-9500-horizontal\/\" \/>\n<meta property=\"og:locale\" content=\"sq_AL\" \/>\n<meta property=\"og:type\" content=\"article\" \/>\n<meta property=\"og:title\" content=\"Schindler 9500 horizontal\" \/>\n<meta property=\"og:url\" content=\"https:\/\/emegroup.al\/sq\/schindler-9500-horizontal\/\" \/>\n<meta property=\"og:site_name\" content=\"EMEGroup\" \/>\n<meta property=\"article:modified_time\" content=\"2023-08-27T17:03:50+00:00\" \/>\n<meta property=\"og:image\" content=\"https:\/\/emegroup.al\/wp-content\/uploads\/2023\/08\/logo.jpg\" \/>\n\t<meta property=\"og:image:width\" content=\"536\" \/>\n\t<meta property=\"og:image:height\" content=\"366\" \/>\n\t<meta property=\"og:image:type\" content=\"image\/jpeg\" \/>\n<meta name=\"twitter:card\" content=\"summary_large_image\" \/>\n<meta name=\"twitter:label1\" content=\"Est. reading time\" \/>\n\t<meta name=\"twitter:data1\" content=\"2 minuta\" \/>\n<script type=\"application\/ld+json\" class=\"yoast-schema-graph\">{\"@context\":\"https:\/\/schema.org\",\"@graph\":[{\"@type\":\"WebPage\",\"@id\":\"https:\/\/emegroup.al\/schindler-9500-horizontal\/\",\"url\":\"https:\/\/emegroup.al\/schindler-9500-horizontal\/\",\"name\":\"Schindler 9500 horizontal\",\"isPartOf\":{\"@id\":\"https:\/\/emegroup.al\/#website\"},\"datePublished\":\"2023-08-27T17:00:28+00:00\",\"dateModified\":\"2023-08-27T17:03:50+00:00\",\"breadcrumb\":{\"@id\":\"https:\/\/emegroup.al\/schindler-9500-horizontal\/#breadcrumb\"},\"inLanguage\":\"sq\",\"potentialAction\":[{\"@type\":\"ReadAction\",\"target\":[\"https:\/\/emegroup.al\/schindler-9500-horizontal\/\"]}]},{\"@type\":\"BreadcrumbList\",\"@id\":\"https:\/\/emegroup.al\/schindler-9500-horizontal\/#breadcrumb\",\"itemListElement\":[{\"@type\":\"ListItem\",\"position\":1,\"name\":\"Home\",\"item\":\"https:\/\/emegroup.al\/\"},{\"@type\":\"ListItem\",\"position\":2,\"name\":\"Schindler 9500 horizontal\"}]},{\"@type\":\"WebSite\",\"@id\":\"https:\/\/emegroup.al\/#website\",\"url\":\"https:\/\/emegroup.al\/\",\"name\":\"EMEGroup\",\"description\":\"\",\"publisher\":{\"@id\":\"https:\/\/emegroup.al\/#organization\"},\"potentialAction\":[{\"@type\":\"SearchAction\",\"target\":{\"@type\":\"EntryPoint\",\"urlTemplate\":\"https:\/\/emegroup.al\/?s={search_term_string}\"},\"query-input\":\"required name=search_term_string\"}],\"inLanguage\":\"sq\"},{\"@type\":\"Organization\",\"@id\":\"https:\/\/emegroup.al\/#organization\",\"name\":\"EMEGroup\",\"url\":\"https:\/\/emegroup.al\/\",\"logo\":{\"@type\":\"ImageObject\",\"inLanguage\":\"sq\",\"@id\":\"https:\/\/emegroup.al\/#\/schema\/logo\/image\/\",\"url\":\"https:\/\/emegroup.al\/wp-content\/uploads\/2023\/08\/logoeme.jpg\",\"contentUrl\":\"https:\/\/emegroup.al\/wp-content\/uploads\/2023\/08\/logoeme.jpg\",\"width\":416,\"height\":250,\"caption\":\"EMEGroup\"},\"image\":{\"@id\":\"https:\/\/emegroup.al\/#\/schema\/logo\/image\/\"}}]}<\/script>\n<!-- \/ Yoast SEO plugin. -->","yoast_head_json":{"title":"Schindler 9500 horizontal","robots":{"index":"index","follow":"follow","max-snippet":"max-snippet:-1","max-image-preview":"max-image-preview:large","max-video-preview":"max-video-preview:-1"},"canonical":"https:\/\/emegroup.al\/sq\/schindler-9500-horizontal\/","og_locale":"sq_AL","og_type":"article","og_title":"Schindler 9500 horizontal","og_url":"https:\/\/emegroup.al\/sq\/schindler-9500-horizontal\/","og_site_name":"EMEGroup","article_modified_time":"2023-08-27T17:03:50+00:00","og_image":[{"width":536,"height":366,"url":"https:\/\/emegroup.al\/wp-content\/uploads\/2023\/08\/logo.jpg","type":"image\/jpeg"}],"twitter_card":"summary_large_image","twitter_misc":{"Est. reading time":"2 minuta"},"schema":{"@context":"https:\/\/schema.org","@graph":[{"@type":"WebPage","@id":"https:\/\/emegroup.al\/schindler-9500-horizontal\/","url":"https:\/\/emegroup.al\/schindler-9500-horizontal\/","name":"Schindler 9500 horizontal","isPartOf":{"@id":"https:\/\/emegroup.al\/#website"},"datePublished":"2023-08-27T17:00:28+00:00","dateModified":"2023-08-27T17:03:50+00:00","breadcrumb":{"@id":"https:\/\/emegroup.al\/schindler-9500-horizontal\/#breadcrumb"},"inLanguage":"sq","potentialAction":[{"@type":"ReadAction","target":["https:\/\/emegroup.al\/schindler-9500-horizontal\/"]}]},{"@type":"BreadcrumbList","@id":"https:\/\/emegroup.al\/schindler-9500-horizontal\/#breadcrumb","itemListElement":[{"@type":"ListItem","position":1,"name":"Home","item":"https:\/\/emegroup.al\/"},{"@type":"ListItem","position":2,"name":"Schindler 9500 horizontal"}]},{"@type":"WebSite","@id":"https:\/\/emegroup.al\/#website","url":"https:\/\/emegroup.al\/","name":"EMEGroup","description":"","publisher":{"@id":"https:\/\/emegroup.al\/#organization"},"potentialAction":[{"@type":"SearchAction","target":{"@type":"EntryPoint","urlTemplate":"https:\/\/emegroup.al\/?s={search_term_string}"},"query-input":"required name=search_term_string"}],"inLanguage":"sq"},{"@type":"Organization","@id":"https:\/\/emegroup.al\/#organization","name":"EMEGroup","url":"https:\/\/emegroup.al\/","logo":{"@type":"ImageObject","inLanguage":"sq","@id":"https:\/\/emegroup.al\/#\/schema\/logo\/image\/","url":"https:\/\/emegroup.al\/wp-content\/uploads\/2023\/08\/logoeme.jpg","contentUrl":"https:\/\/emegroup.al\/wp-content\/uploads\/2023\/08\/logoeme.jpg","width":416,"height":250,"caption":"EMEGroup"},"image":{"@id":"https:\/\/emegroup.al\/#\/schema\/logo\/image\/"}}]}},"_links":{"self":[{"href":"https:\/\/emegroup.al\/sq\/wp-json\/wp\/v2\/pages\/9569","targetHints":{"allow":["GET"]}}],"collection":[{"href":"https:\/\/emegroup.al\/sq\/wp-json\/wp\/v2\/pages"}],"about":[{"href":"https:\/\/emegroup.al\/sq\/wp-json\/wp\/v2\/types\/page"}],"author":[{"embeddable":true,"href":"https:\/\/emegroup.al\/sq\/wp-json\/wp\/v2\/users\/1"}],"replies":[{"embeddable":true,"href":"https:\/\/emegroup.al\/sq\/wp-json\/wp\/v2\/comments?post=9569"}],"version-history":[{"count":2,"href":"https:\/\/emegroup.al\/sq\/wp-json\/wp\/v2\/pages\/9569\/revisions"}],"predecessor-version":[{"id":9575,"href":"https:\/\/emegroup.al\/sq\/wp-json\/wp\/v2\/pages\/9569\/revisions\/9575"}],"wp:attachment":[{"href":"https:\/\/emegroup.al\/sq\/wp-json\/wp\/v2\/media?parent=9569"}],"curies":[{"name":"wp","href":"https:\/\/api.w.org\/{rel}","templated":true}]}}