{"id":9550,"date":"2023-08-27T16:27:02","date_gmt":"2023-08-27T16:27:02","guid":{"rendered":"https:\/\/emegroup.al\/?page_id=9550"},"modified":"2023-08-27T18:38:51","modified_gmt":"2023-08-27T18:38:51","slug":"schindler-9300ae","status":"publish","type":"page","link":"https:\/\/emegroup.al\/sq\/schindler-9300ae\/","title":{"rendered":"Schindler 9300AE"},"content":{"rendered":"<section class=\"wpb-content-wrapper\"><div class=\"vc-custom-col-spacing clearfix vc-col-spacing-30\"><section id=\"first-row\" class=\"wpb_row vc_row-fluid vc_custom_1558754119849 vc_row-has-fill row-content-position-Default\"><div class=\"bauer-container\"><div class=\"row-inner clearfix\"><div class=\"wpb_column vc_column_container vc_col-sm-12\"><div class=\"vc_column-inner\"><div class=\"wpb_wrapper\"><div class=\"bauer-content-box clearfix\" ><div class=\"vc-custom-col-inner-spacing clearfix vc-col-inner-spacing-30\"><div class=\"wpb_row vc_inner vc_row-fluid\"><div class=\"wpb_column vc_column_container vc_col-sm-6\"><div class=\"vc_column-inner\"><div class=\"wpb_wrapper\"><h2 class=\"bauer-text clearfix\" style=\"font-size:42px;line-height:50px;margin-bottom:32px;\"><h1 class=\"sc-m-hero-product__heading\"><span class=\"sc-m-hero-product__headline\">Schindler 9300AE<\/span><\/h1>\n<\/h2><div class=\"bauer-text clearfix\" style=\"font-size:18px;line-height:30px;color:#414042;margin-bottom:34px;\"><p>Schindler's 9300 Advanced Edition \u00ebsht\u00eb i p\u00ebrshtatsh\u00ebm n\u00eb m\u00ebnyr\u00eb ideale p\u00ebr aplikime komerciale dhe gjithashtu mund t\u00eb p\u00ebrshtatet p\u00ebr aplikacionet e transportit duke p\u00ebrfshir\u00eb stadiumet, aeroportet dhe sallat e ekspozit\u00ebs.<\/p>\n<\/div><div class=\"bauer-text clearfix\" style=\"\"><h2>Gama e aplikimit<\/h2>\n<ul>\n<li>Paketat e konfigurimit dhe ngritjet deri n\u00eb 42 k\u00ebmb\u00eb (rritja m\u00eb e lart\u00eb deri n\u00eb 65\u2032 disponohet sipas k\u00ebrkes\u00ebs)<\/li>\n<li>Konfigurime me dy dhe tre hapa t\u00eb shesht\u00eb<\/li>\n<li>Gjer\u00ebsia me tre hapa p\u00ebr rrjedh\u00ebn optimale t\u00eb pasagjer\u00ebve dhe k\u00ebrkesat e hap\u00ebsir\u00ebs<\/li>\n<li>Panele sandui\u00e7 t\u00eb fort\u00eb 1\/2\u201d prej \u00e7eliku t\u00eb pandryshksh\u00ebm p\u00ebr balustrada t\u00eb pjerr\u00ebta<\/li>\n<li>Komponent\u00ebt mekanik\u00eb t\u00eb projektuar p\u00ebr k\u00ebrkesat ekstreme t\u00eb operacioneve t\u00eb transportit publik, pavar\u00ebsisht nga kushtet mjedisore<\/li>\n<li>Opsionet e izolimit t\u00eb motit p\u00ebr funksionimin e jasht\u00ebm<\/li>\n<li>Parmak\u00eb elegante, e rrumbullakosur dhe hyrje novatore, elegante n\u00eb parmak\u00eb p\u00ebr t\u00ebrheqje t\u00eb p\u00ebrjetshme<\/li>\n<li>Zgjedhje t\u00eb paprecedent\u00eb ngjyrash p\u00ebr parmak\u00ebt, shkall\u00ebt, panelet e skajeve, stolisjet, kapak\u00ebt dhe m\u00eb shum\u00eb<\/li>\n<li>Mbi dy duzina karakteristika t\u00eb r\u00ebnd\u00ebsishme sigurie.<\/li>\n<\/ul>\n<\/div>\r\n\t<div class=\"bauer-spacer clearfix\" data-desktop=\"60\" data-mobi=\"30\" data-smobi=\"30\"><\/div><div class=\"button-wrap icon-right\" style=\"\" ><a href=\"tel: 355672064551\" target=\"_self\" class=\"bauer-button btn-559390975 medium no_icon custom outline solid outline-accent\" style=\"border-radius:30px;border-width:2px;\"  data-background=\"\" data-text=\"#f35c27\" data-text-hover=\"#ffffff\" data-background-hover=\"#f35c27\">\r\n\t\t<span style=\"\">Oferta! <\/span>\r\n\t<\/a><\/div><\/div><\/div><\/div><div class=\"wpb_column vc_column_container vc_col-sm-6\"><div class=\"vc_column-inner\"><div class=\"wpb_wrapper\">\r\n\t<div class=\"bauer-spacer clearfix\" data-desktop=\"55\" data-mobi=\"40\" data-smobi=\"40\"><\/div><div class=\"bauer-simple-image text-center\" style=\"\" >\r\n\t\t\t<img decoding=\"async\" alt=\"image\" src=\"https:\/\/emegroup.al\/wp-content\/uploads\/2023\/08\/schindler-9300ae-escalator-1.jpg\" \/> \r\n\t\t<\/div><\/div><\/div><\/div><\/div><\/div><\/div>\r\n\t<div class=\"bauer-spacer clearfix\" data-desktop=\"100\" data-mobi=\"60\" data-smobi=\"60\"><\/div><\/div><\/div><\/div><\/div><\/div><\/section><\/div><div class=\"vc-custom-col-spacing clearfix vc-col-spacing-30\"><section class=\"wpb_row vc_row-fluid row-content-position-Default\"><div class=\"bauer-container\"><div class=\"row-inner clearfix\"><div class=\"wpb_column vc_column_container vc_col-sm-6\"><div class=\"vc_column-inner\"><div class=\"wpb_wrapper\"><div class=\"bauer-single-heading clearfix\" style=\"\"><span class=\"inner\"><span class=\"heading clearfix\" style=\"color:#000000;font-size:24px;\">\r\n\t\tShkarko Broshuren\r\n\t<\/span><\/span><\/div><div class=\"\"><a class=\"bauer-links link-style-1\" href=\"https:\/\/www.schindler.com\/content\/dam\/website\/us\/docs\/escalators\/schindler-9300\/schindler-9300ae-design-options.pdf\/_jcr_content\/renditions\/original.\/schindler-9300ae-design-options.pdf\" style=\"color:#dd3333;\" >\r\n\t\t\t<span class=\"text\" style=\"\">Schindler 9300AE escalator design options (PDF, 314 KB)<\/span> \r\n\t\t<\/a><\/div><div class=\"bauer-divider divider-center divider-solid\" style=\"border-top-color:#000000;\"><\/div><div class=\"clearfix\"><\/div><div class=\"\"><a class=\"bauer-links link-style-1\" href=\"https:\/\/www.schindler.com\/content\/dam\/website\/us\/docs\/escalators\/schindler-9300\/9300ae-powder-coated-colors.pdf\/_jcr_content\/renditions\/original.\/9300ae-powder-coated-colors.pdf\" style=\"color:#dd3333;\" >\r\n\t\t\t<span class=\"text\" style=\"\">Schindler 9300AE powder coated colors (PDF, 693 KB)<\/span> \r\n\t\t<\/a><\/div><\/div><\/div><\/div><div class=\"wpb_column vc_column_container vc_col-sm-6\"><div class=\"vc_column-inner\"><div class=\"wpb_wrapper\"><\/div><\/div><\/div><\/div><\/div><\/section><\/div>\n<\/section>","protected":false},"excerpt":{"rendered":"Schindler 9300AE Schindler's 9300 Advanced Edition is ideally suited for commercial applications, and can also be adapted for transport applications including stadiums, airports, and exhibition halls. Application range Configuration packages and rises up to 42 feet (higher rises up to 65' available upon request) Two and three flat step configurations","protected":false},"author":1,"featured_media":0,"parent":0,"menu_order":0,"comment_status":"closed","ping_status":"closed","template":"","meta":{"footnotes":""},"class_list":["post-9550","page","type-page","status-publish","hentry"],"yoast_head":"<!-- This site is optimized with the Yoast SEO plugin v21.0 - https:\/\/yoast.com\/wordpress\/plugins\/seo\/ -->\n<title>Schindler 9300AE<\/title>\n<meta name=\"robots\" content=\"index, follow, max-snippet:-1, max-image-preview:large, max-video-preview:-1\" \/>\n<link rel=\"canonical\" href=\"https:\/\/emegroup.al\/sq\/schindler-9300ae\/\" \/>\n<meta property=\"og:locale\" content=\"sq_AL\" \/>\n<meta property=\"og:type\" content=\"article\" \/>\n<meta property=\"og:title\" content=\"Schindler 9300AE\" \/>\n<meta property=\"og:url\" content=\"https:\/\/emegroup.al\/sq\/schindler-9300ae\/\" \/>\n<meta property=\"og:site_name\" content=\"EMEGroup\" \/>\n<meta property=\"article:modified_time\" content=\"2023-08-27T18:38:51+00:00\" \/>\n<meta property=\"og:image\" content=\"https:\/\/emegroup.al\/wp-content\/uploads\/2023\/08\/logo.jpg\" \/>\n\t<meta property=\"og:image:width\" content=\"536\" \/>\n\t<meta property=\"og:image:height\" content=\"366\" \/>\n\t<meta property=\"og:image:type\" content=\"image\/jpeg\" \/>\n<meta name=\"twitter:card\" content=\"summary_large_image\" \/>\n<meta name=\"twitter:label1\" content=\"Est. reading time\" \/>\n\t<meta name=\"twitter:data1\" content=\"2 minuta\" \/>\n<script type=\"application\/ld+json\" class=\"yoast-schema-graph\">{\"@context\":\"https:\/\/schema.org\",\"@graph\":[{\"@type\":\"WebPage\",\"@id\":\"https:\/\/emegroup.al\/sq\/schindler-9300ae\/\",\"url\":\"https:\/\/emegroup.al\/sq\/schindler-9300ae\/\",\"name\":\"Schindler 9300AE\",\"isPartOf\":{\"@id\":\"https:\/\/emegroup.al\/#website\"},\"datePublished\":\"2023-08-27T16:27:02+00:00\",\"dateModified\":\"2023-08-27T18:38:51+00:00\",\"breadcrumb\":{\"@id\":\"https:\/\/emegroup.al\/sq\/schindler-9300ae\/#breadcrumb\"},\"inLanguage\":\"sq\",\"potentialAction\":[{\"@type\":\"ReadAction\",\"target\":[\"https:\/\/emegroup.al\/sq\/schindler-9300ae\/\"]}]},{\"@type\":\"BreadcrumbList\",\"@id\":\"https:\/\/emegroup.al\/sq\/schindler-9300ae\/#breadcrumb\",\"itemListElement\":[{\"@type\":\"ListItem\",\"position\":1,\"name\":\"Home\",\"item\":\"https:\/\/emegroup.al\/\"},{\"@type\":\"ListItem\",\"position\":2,\"name\":\"Schindler 9300AE\"}]},{\"@type\":\"WebSite\",\"@id\":\"https:\/\/emegroup.al\/#website\",\"url\":\"https:\/\/emegroup.al\/\",\"name\":\"EMEGroup\",\"description\":\"\",\"publisher\":{\"@id\":\"https:\/\/emegroup.al\/#organization\"},\"potentialAction\":[{\"@type\":\"SearchAction\",\"target\":{\"@type\":\"EntryPoint\",\"urlTemplate\":\"https:\/\/emegroup.al\/?s={search_term_string}\"},\"query-input\":\"required name=search_term_string\"}],\"inLanguage\":\"sq\"},{\"@type\":\"Organization\",\"@id\":\"https:\/\/emegroup.al\/#organization\",\"name\":\"EMEGroup\",\"url\":\"https:\/\/emegroup.al\/\",\"logo\":{\"@type\":\"ImageObject\",\"inLanguage\":\"sq\",\"@id\":\"https:\/\/emegroup.al\/#\/schema\/logo\/image\/\",\"url\":\"https:\/\/emegroup.al\/wp-content\/uploads\/2023\/08\/logoeme.jpg\",\"contentUrl\":\"https:\/\/emegroup.al\/wp-content\/uploads\/2023\/08\/logoeme.jpg\",\"width\":416,\"height\":250,\"caption\":\"EMEGroup\"},\"image\":{\"@id\":\"https:\/\/emegroup.al\/#\/schema\/logo\/image\/\"}}]}<\/script>\n<!-- \/ Yoast SEO plugin. -->","yoast_head_json":{"title":"Schindler 9300AE","robots":{"index":"index","follow":"follow","max-snippet":"max-snippet:-1","max-image-preview":"max-image-preview:large","max-video-preview":"max-video-preview:-1"},"canonical":"https:\/\/emegroup.al\/sq\/schindler-9300ae\/","og_locale":"sq_AL","og_type":"article","og_title":"Schindler 9300AE","og_url":"https:\/\/emegroup.al\/sq\/schindler-9300ae\/","og_site_name":"EMEGroup","article_modified_time":"2023-08-27T18:38:51+00:00","og_image":[{"width":536,"height":366,"url":"https:\/\/emegroup.al\/wp-content\/uploads\/2023\/08\/logo.jpg","type":"image\/jpeg"}],"twitter_card":"summary_large_image","twitter_misc":{"Est. reading time":"2 minuta"},"schema":{"@context":"https:\/\/schema.org","@graph":[{"@type":"WebPage","@id":"https:\/\/emegroup.al\/sq\/schindler-9300ae\/","url":"https:\/\/emegroup.al\/sq\/schindler-9300ae\/","name":"Schindler 9300AE","isPartOf":{"@id":"https:\/\/emegroup.al\/#website"},"datePublished":"2023-08-27T16:27:02+00:00","dateModified":"2023-08-27T18:38:51+00:00","breadcrumb":{"@id":"https:\/\/emegroup.al\/sq\/schindler-9300ae\/#breadcrumb"},"inLanguage":"sq","potentialAction":[{"@type":"ReadAction","target":["https:\/\/emegroup.al\/sq\/schindler-9300ae\/"]}]},{"@type":"BreadcrumbList","@id":"https:\/\/emegroup.al\/sq\/schindler-9300ae\/#breadcrumb","itemListElement":[{"@type":"ListItem","position":1,"name":"Home","item":"https:\/\/emegroup.al\/"},{"@type":"ListItem","position":2,"name":"Schindler 9300AE"}]},{"@type":"WebSite","@id":"https:\/\/emegroup.al\/#website","url":"https:\/\/emegroup.al\/","name":"EMEGroup","description":"","publisher":{"@id":"https:\/\/emegroup.al\/#organization"},"potentialAction":[{"@type":"SearchAction","target":{"@type":"EntryPoint","urlTemplate":"https:\/\/emegroup.al\/?s={search_term_string}"},"query-input":"required name=search_term_string"}],"inLanguage":"sq"},{"@type":"Organization","@id":"https:\/\/emegroup.al\/#organization","name":"EMEGroup","url":"https:\/\/emegroup.al\/","logo":{"@type":"ImageObject","inLanguage":"sq","@id":"https:\/\/emegroup.al\/#\/schema\/logo\/image\/","url":"https:\/\/emegroup.al\/wp-content\/uploads\/2023\/08\/logoeme.jpg","contentUrl":"https:\/\/emegroup.al\/wp-content\/uploads\/2023\/08\/logoeme.jpg","width":416,"height":250,"caption":"EMEGroup"},"image":{"@id":"https:\/\/emegroup.al\/#\/schema\/logo\/image\/"}}]}},"_links":{"self":[{"href":"https:\/\/emegroup.al\/sq\/wp-json\/wp\/v2\/pages\/9550","targetHints":{"allow":["GET"]}}],"collection":[{"href":"https:\/\/emegroup.al\/sq\/wp-json\/wp\/v2\/pages"}],"about":[{"href":"https:\/\/emegroup.al\/sq\/wp-json\/wp\/v2\/types\/page"}],"author":[{"embeddable":true,"href":"https:\/\/emegroup.al\/sq\/wp-json\/wp\/v2\/users\/1"}],"replies":[{"embeddable":true,"href":"https:\/\/emegroup.al\/sq\/wp-json\/wp\/v2\/comments?post=9550"}],"version-history":[{"count":4,"href":"https:\/\/emegroup.al\/sq\/wp-json\/wp\/v2\/pages\/9550\/revisions"}],"predecessor-version":[{"id":9582,"href":"https:\/\/emegroup.al\/sq\/wp-json\/wp\/v2\/pages\/9550\/revisions\/9582"}],"wp:attachment":[{"href":"https:\/\/emegroup.al\/sq\/wp-json\/wp\/v2\/media?parent=9550"}],"curies":[{"name":"wp","href":"https:\/\/api.w.org\/{rel}","templated":true}]}}