{"id":9533,"date":"2023-08-27T16:10:01","date_gmt":"2023-08-27T16:10:01","guid":{"rendered":"https:\/\/emegroup.al\/?page_id=9533"},"modified":"2023-08-27T19:15:32","modified_gmt":"2023-08-27T19:15:32","slug":"schindler-miconic-tx","status":"publish","type":"page","link":"https:\/\/emegroup.al\/sq\/schindler-miconic-tx\/","title":{"rendered":"Schindler Miconic TX"},"content":{"rendered":"<section class=\"wpb-content-wrapper\"><div class=\"vc-custom-col-spacing clearfix vc-col-spacing-30\"><section id=\"first-row\" class=\"wpb_row vc_row-fluid row-content-position-Default\"><div class=\"bauer-container\"><div class=\"row-inner clearfix\"><div class=\"wpb_column vc_column_container vc_col-sm-12\"><div class=\"vc_column-inner\"><div class=\"wpb_wrapper\"><div class=\"bauer-content-box clearfix\" ><div class=\"vc-custom-col-inner-spacing clearfix vc-col-inner-spacing-30\"><div class=\"wpb_row vc_inner vc_row-fluid\"><div class=\"wpb_column vc_column_container vc_col-sm-6\"><div class=\"vc_column-inner\"><div class=\"wpb_wrapper\"><h2 class=\"bauer-text clearfix\" style=\"font-size:42px;line-height:50px;margin-bottom:32px;\"><h1 class=\"sc-m-hero-product__heading\"><span class=\"sc-m-hero-product__headline\">Schindler Miconic TX<\/span><\/h1>\n<\/h2><div class=\"bauer-text clearfix\" style=\"\"><p>Zgjidhjet e modernizimit t\u00eb Schindler p\u00ebr nd\u00ebrtesat e larta i rrisin ashensor\u00ebt tuaj ekzistues n\u00eb nj\u00eb nivel t\u00eb performanc\u00ebs q\u00eb plot\u00ebson k\u00ebrkesat m\u00eb t\u00eb larta. Rehati n\u00eb udh\u00ebtim q\u00eb nuk l\u00eb asgj\u00eb p\u00ebr t\u00eb d\u00ebshiruar, standarde moderne mjedisore dhe t\u00eb siguris\u00eb, sh\u00ebrbim i personalizuar i ashensorit dhe nj\u00eb dizajn emocionues.<\/p>\n<p>Siguroni investimin tuaj<br \/>\nP\u00ebrball\u00eb nd\u00ebrtesave m\u00eb t\u00eb reja n\u00eb treg, duhet t\u00eb siguroheni q\u00eb nd\u00ebrtesat ekzistuese t\u00eb mund t\u00eb mbajn\u00eb ritmin edhe n\u00eb konkurrenc\u00ebn p\u00ebr qiramarr\u00ebs t\u00eb rinj. Q\u00eb kjo t\u00eb jet\u00eb e mundur, \u00ebsht\u00eb thelb\u00ebsore q\u00eb ashensor\u00ebt tuaj t\u00eb plot\u00ebsojn\u00eb standardet m\u00eb t\u00eb fundit t\u00eb cil\u00ebsis\u00eb dhe mjedisit dhe kodet n\u00eb fuqi.<\/p>\n<p><strong>Komponent\u00ebt e ve\u00e7uar<\/strong><\/p>\n<p>Kontrollues t\u00eb besuesh\u00ebm Schindler Miconic\u00ae TX p\u00ebr menaxhim t\u00eb pamposhtur t\u00eb trafikut dhe shp\u00ebrndarje t\u00eb barabart\u00eb t\u00eb pasagjer\u00ebve p\u00ebr konsum efikas t\u00eb energjis\u00eb<br \/>\nTeknologji e gjelb\u00ebr p\u00ebr t\u00eb rritur efikasitetin dhe p\u00ebr t\u00eb p\u00ebrmir\u00ebsuar performanc\u00ebn<br \/>\nP\u00ebrmir\u00ebsime t\u00eb funksionimit t\u00eb dyerve p\u00ebr funksionim t\u00eb qet\u00eb, t\u00eb sigurt dhe t\u00eb besuesh\u00ebm<br \/>\nSchindler Ahead p\u00ebr monitorim dhe diagnostikim 24\/7 q\u00eb ndihmon n\u00eb kthimin e pajisjeve tuaja n\u00eb sh\u00ebrbim m\u00eb shpejt se metodat tradicionale t\u00eb zgjidhjes s\u00eb problemeve<br \/>\nSistemi i menaxhimit t\u00eb nd\u00ebrtesave Schindler Lobby Vision\u00ae p\u00ebr t'ju dh\u00ebn\u00eb t\u00eb dh\u00ebna mbikqyrjeje dhe t\u00eb performanc\u00ebs n\u00eb pajisjet tuaja. (Opsionale)<br \/>\nOpsione t\u00eb personalizuara t\u00eb projektimit duke p\u00ebrfshir\u00eb kabinat, pajisjet, ndri\u00e7imin dhe ve\u00e7ori t\u00eb tjera p\u00ebr t\u00eb p\u00ebrmir\u00ebsuar mjedisin arkitektonik t\u00eb nd\u00ebrtes\u00ebs.<\/p>\n<\/div>\r\n\t<div class=\"bauer-spacer clearfix\" data-desktop=\"60\" data-mobi=\"30\" data-smobi=\"30\"><\/div><div class=\"button-wrap icon-right\" style=\"\" ><a href=\"tel: 355672064551\" target=\"_self\" class=\"bauer-button btn-1577141389 medium no_icon custom outline solid outline-accent\" style=\"border-radius:30px;border-width:2px;\"  data-background=\"\" data-text=\"#f35c27\" data-text-hover=\"#ffffff\" data-background-hover=\"#f35c27\">\r\n\t\t<span style=\"\">Oferta! <\/span>\r\n\t<\/a><\/div><\/div><\/div><\/div><div class=\"wpb_column vc_column_container vc_col-sm-6\"><div class=\"vc_column-inner\"><div class=\"wpb_wrapper\">\r\n\t<div class=\"bauer-spacer clearfix\" data-desktop=\"55\" data-mobi=\"40\" data-smobi=\"40\"><\/div><div class=\"bauer-simple-image text-center\" style=\"\" >\r\n\t\t\t<img decoding=\"async\" alt=\"image\" src=\"https:\/\/emegroup.al\/wp-content\/uploads\/2023\/08\/schindler-south-bank-tower-london-uk-2.jpg\" \/> \r\n\t\t<\/div><\/div><\/div><\/div><\/div><\/div><\/div>\r\n\t<div class=\"bauer-spacer clearfix\" data-desktop=\"100\" data-mobi=\"60\" data-smobi=\"60\"><\/div><div class=\"bauer-divider divider-center divider-solid\" style=\"border-top-color:#dd3333;\"><\/div><div class=\"clearfix\"><\/div><\/div><\/div><\/div><\/div><\/div><\/section><\/div><div class=\"vc-custom-col-spacing clearfix vc-col-spacing-30\"><section class=\"wpb_row vc_row-fluid row-content-position-Default\"><div class=\"bauer-container\"><div class=\"row-inner clearfix\"><div class=\"wpb_column vc_column_container vc_col-sm-6\"><div class=\"vc_column-inner\"><div class=\"wpb_wrapper\"><div class=\"bauer-single-heading clearfix\" style=\"\"><span class=\"inner\"><span class=\"heading clearfix\" style=\"color:#000000;font-size:24px;\">\r\n\t\tShkarko Broshuren\r\n\t<\/span><\/span><\/div><div class=\"\"><a class=\"bauer-links link-style-1\" href=\"https:\/\/www.schindler.com\/content\/dam\/website\/us\/docs\/modernization\/schindler-miconic-tx\/schindler-miconic-tx-brochure.pdf\/_jcr_content\/renditions\/original.\/schindler-miconic-tx-brochure.pdf\" style=\"color:#dd3333;\" >\r\n\t\t\t<span class=\"text\" style=\"\">Schindler Miconic TX brochure (PDF, 1 MB)<\/span> \r\n\t\t<\/a><\/div><\/div><\/div><\/div><div class=\"wpb_column vc_column_container vc_col-sm-6\"><div class=\"vc_column-inner\"><div class=\"wpb_wrapper\"><\/div><\/div><\/div><\/div><\/div><\/section><\/div>\n<\/section>","protected":false},"excerpt":{"rendered":"Schindler Miconic TX Schindler modernization solutions for high-rise buildings raise your existing elevators to a performance level that fulfills the highest requirements. Ride comfort that leaves nothing to be desired, modern environmental and safety standards, personalized elevator service and an exciting design. Secure your investment Confronted with newer buildings on","protected":false},"author":1,"featured_media":0,"parent":0,"menu_order":0,"comment_status":"closed","ping_status":"closed","template":"","meta":{"footnotes":""},"class_list":["post-9533","page","type-page","status-publish","hentry"],"yoast_head":"<!-- This site is optimized with the Yoast SEO plugin v21.0 - https:\/\/yoast.com\/wordpress\/plugins\/seo\/ -->\n<title>Schindler Miconic TX<\/title>\n<meta name=\"robots\" content=\"index, follow, max-snippet:-1, max-image-preview:large, max-video-preview:-1\" \/>\n<link rel=\"canonical\" href=\"https:\/\/emegroup.al\/sq\/schindler-miconic-tx\/\" \/>\n<meta property=\"og:locale\" content=\"sq_AL\" \/>\n<meta property=\"og:type\" content=\"article\" \/>\n<meta property=\"og:title\" content=\"Schindler Miconic TX\" \/>\n<meta property=\"og:url\" content=\"https:\/\/emegroup.al\/sq\/schindler-miconic-tx\/\" \/>\n<meta property=\"og:site_name\" content=\"EMEGroup\" \/>\n<meta property=\"article:modified_time\" content=\"2023-08-27T19:15:32+00:00\" \/>\n<meta property=\"og:image\" content=\"https:\/\/emegroup.al\/wp-content\/uploads\/2023\/08\/logo.jpg\" \/>\n\t<meta property=\"og:image:width\" content=\"536\" \/>\n\t<meta property=\"og:image:height\" content=\"366\" \/>\n\t<meta property=\"og:image:type\" content=\"image\/jpeg\" \/>\n<meta name=\"twitter:card\" content=\"summary_large_image\" \/>\n<meta name=\"twitter:label1\" content=\"Est. reading time\" \/>\n\t<meta name=\"twitter:data1\" content=\"2 minuta\" \/>\n<script type=\"application\/ld+json\" class=\"yoast-schema-graph\">{\"@context\":\"https:\/\/schema.org\",\"@graph\":[{\"@type\":\"WebPage\",\"@id\":\"https:\/\/emegroup.al\/sq\/schindler-miconic-tx\/\",\"url\":\"https:\/\/emegroup.al\/sq\/schindler-miconic-tx\/\",\"name\":\"Schindler Miconic TX\",\"isPartOf\":{\"@id\":\"https:\/\/emegroup.al\/#website\"},\"datePublished\":\"2023-08-27T16:10:01+00:00\",\"dateModified\":\"2023-08-27T19:15:32+00:00\",\"breadcrumb\":{\"@id\":\"https:\/\/emegroup.al\/sq\/schindler-miconic-tx\/#breadcrumb\"},\"inLanguage\":\"sq\",\"potentialAction\":[{\"@type\":\"ReadAction\",\"target\":[\"https:\/\/emegroup.al\/sq\/schindler-miconic-tx\/\"]}]},{\"@type\":\"BreadcrumbList\",\"@id\":\"https:\/\/emegroup.al\/sq\/schindler-miconic-tx\/#breadcrumb\",\"itemListElement\":[{\"@type\":\"ListItem\",\"position\":1,\"name\":\"Home\",\"item\":\"https:\/\/emegroup.al\/\"},{\"@type\":\"ListItem\",\"position\":2,\"name\":\"Schindler Miconic TX\"}]},{\"@type\":\"WebSite\",\"@id\":\"https:\/\/emegroup.al\/#website\",\"url\":\"https:\/\/emegroup.al\/\",\"name\":\"EMEGroup\",\"description\":\"\",\"publisher\":{\"@id\":\"https:\/\/emegroup.al\/#organization\"},\"potentialAction\":[{\"@type\":\"SearchAction\",\"target\":{\"@type\":\"EntryPoint\",\"urlTemplate\":\"https:\/\/emegroup.al\/?s={search_term_string}\"},\"query-input\":\"required name=search_term_string\"}],\"inLanguage\":\"sq\"},{\"@type\":\"Organization\",\"@id\":\"https:\/\/emegroup.al\/#organization\",\"name\":\"EMEGroup\",\"url\":\"https:\/\/emegroup.al\/\",\"logo\":{\"@type\":\"ImageObject\",\"inLanguage\":\"sq\",\"@id\":\"https:\/\/emegroup.al\/#\/schema\/logo\/image\/\",\"url\":\"https:\/\/emegroup.al\/wp-content\/uploads\/2023\/08\/logoeme.jpg\",\"contentUrl\":\"https:\/\/emegroup.al\/wp-content\/uploads\/2023\/08\/logoeme.jpg\",\"width\":416,\"height\":250,\"caption\":\"EMEGroup\"},\"image\":{\"@id\":\"https:\/\/emegroup.al\/#\/schema\/logo\/image\/\"}}]}<\/script>\n<!-- \/ Yoast SEO plugin. -->","yoast_head_json":{"title":"Schindler Miconic TX","robots":{"index":"index","follow":"follow","max-snippet":"max-snippet:-1","max-image-preview":"max-image-preview:large","max-video-preview":"max-video-preview:-1"},"canonical":"https:\/\/emegroup.al\/sq\/schindler-miconic-tx\/","og_locale":"sq_AL","og_type":"article","og_title":"Schindler Miconic TX","og_url":"https:\/\/emegroup.al\/sq\/schindler-miconic-tx\/","og_site_name":"EMEGroup","article_modified_time":"2023-08-27T19:15:32+00:00","og_image":[{"width":536,"height":366,"url":"https:\/\/emegroup.al\/wp-content\/uploads\/2023\/08\/logo.jpg","type":"image\/jpeg"}],"twitter_card":"summary_large_image","twitter_misc":{"Est. reading time":"2 minuta"},"schema":{"@context":"https:\/\/schema.org","@graph":[{"@type":"WebPage","@id":"https:\/\/emegroup.al\/sq\/schindler-miconic-tx\/","url":"https:\/\/emegroup.al\/sq\/schindler-miconic-tx\/","name":"Schindler Miconic TX","isPartOf":{"@id":"https:\/\/emegroup.al\/#website"},"datePublished":"2023-08-27T16:10:01+00:00","dateModified":"2023-08-27T19:15:32+00:00","breadcrumb":{"@id":"https:\/\/emegroup.al\/sq\/schindler-miconic-tx\/#breadcrumb"},"inLanguage":"sq","potentialAction":[{"@type":"ReadAction","target":["https:\/\/emegroup.al\/sq\/schindler-miconic-tx\/"]}]},{"@type":"BreadcrumbList","@id":"https:\/\/emegroup.al\/sq\/schindler-miconic-tx\/#breadcrumb","itemListElement":[{"@type":"ListItem","position":1,"name":"Home","item":"https:\/\/emegroup.al\/"},{"@type":"ListItem","position":2,"name":"Schindler Miconic TX"}]},{"@type":"WebSite","@id":"https:\/\/emegroup.al\/#website","url":"https:\/\/emegroup.al\/","name":"EMEGroup","description":"","publisher":{"@id":"https:\/\/emegroup.al\/#organization"},"potentialAction":[{"@type":"SearchAction","target":{"@type":"EntryPoint","urlTemplate":"https:\/\/emegroup.al\/?s={search_term_string}"},"query-input":"required name=search_term_string"}],"inLanguage":"sq"},{"@type":"Organization","@id":"https:\/\/emegroup.al\/#organization","name":"EMEGroup","url":"https:\/\/emegroup.al\/","logo":{"@type":"ImageObject","inLanguage":"sq","@id":"https:\/\/emegroup.al\/#\/schema\/logo\/image\/","url":"https:\/\/emegroup.al\/wp-content\/uploads\/2023\/08\/logoeme.jpg","contentUrl":"https:\/\/emegroup.al\/wp-content\/uploads\/2023\/08\/logoeme.jpg","width":416,"height":250,"caption":"EMEGroup"},"image":{"@id":"https:\/\/emegroup.al\/#\/schema\/logo\/image\/"}}]}},"_links":{"self":[{"href":"https:\/\/emegroup.al\/sq\/wp-json\/wp\/v2\/pages\/9533","targetHints":{"allow":["GET"]}}],"collection":[{"href":"https:\/\/emegroup.al\/sq\/wp-json\/wp\/v2\/pages"}],"about":[{"href":"https:\/\/emegroup.al\/sq\/wp-json\/wp\/v2\/types\/page"}],"author":[{"embeddable":true,"href":"https:\/\/emegroup.al\/sq\/wp-json\/wp\/v2\/users\/1"}],"replies":[{"embeddable":true,"href":"https:\/\/emegroup.al\/sq\/wp-json\/wp\/v2\/comments?post=9533"}],"version-history":[{"count":2,"href":"https:\/\/emegroup.al\/sq\/wp-json\/wp\/v2\/pages\/9533\/revisions"}],"predecessor-version":[{"id":9537,"href":"https:\/\/emegroup.al\/sq\/wp-json\/wp\/v2\/pages\/9533\/revisions\/9537"}],"wp:attachment":[{"href":"https:\/\/emegroup.al\/sq\/wp-json\/wp\/v2\/media?parent=9533"}],"curies":[{"name":"wp","href":"https:\/\/api.w.org\/{rel}","templated":true}]}}