{"id":9478,"date":"2023-08-26T22:37:32","date_gmt":"2023-08-26T22:37:32","guid":{"rendered":"https:\/\/emegroup.al\/?page_id=9478"},"modified":"2023-08-27T16:17:35","modified_gmt":"2023-08-27T16:17:35","slug":"schindler-hxpress","status":"publish","type":"page","link":"https:\/\/emegroup.al\/sq\/schindler-hxpress\/","title":{"rendered":"Schindler HXpress"},"content":{"rendered":"<section class=\"wpb-content-wrapper\"><div class=\"vc-custom-col-spacing clearfix vc-col-spacing-30\"><section id=\"first-row\" class=\"wpb_row vc_row-fluid row-content-position-Default\"><div class=\"bauer-container\"><div class=\"row-inner clearfix\"><div class=\"wpb_column vc_column_container vc_col-sm-12\"><div class=\"vc_column-inner\"><div class=\"wpb_wrapper\"><div class=\"bauer-content-box clearfix\" ><div class=\"vc-custom-col-inner-spacing clearfix vc-col-inner-spacing-30\"><div class=\"wpb_row vc_inner vc_row-fluid\"><div class=\"wpb_column vc_column_container vc_col-sm-6\"><div class=\"vc_column-inner\"><div class=\"wpb_wrapper\"><h2 class=\"bauer-text clearfix\" style=\"font-size:42px;line-height:50px;margin-bottom:32px;\"><h1 class=\"sc-m-hero-product__heading\"><span class=\"sc-m-hero-product__headline\">Schindler HXpress<\/span><\/h1>\n<\/h2><div class=\"bauer-text clearfix\" style=\"\"><p>Schindler HXpress modernizon ashensor\u00ebt tuaj m\u00eb t\u00eb vjet\u00ebr hidraulik\u00eb p\u00ebr t\u00eb p\u00ebrmbushur nevojat tuaja specifike. Ne fokusohemi n\u00eb at\u00eb q\u00eb \u00ebsht\u00eb thelb\u00ebsore, shpejt dhe n\u00eb heshtje.<\/p>\n<p>P\u00ebrmir\u00ebsoni performanc\u00ebn, besueshm\u00ebrin\u00eb dhe sigurin\u00eb e ashensorit tuaj p\u00ebrtej specifikimeve t\u00eb tij origjinale me nj\u00eb modernizim t\u00eb plot\u00eb hidraulik Schindler HXpress.<\/p>\n<ul>\n<li>P\u00ebrfitimet e modernizimit t\u00eb Schindler HXpress p\u00ebrfshijn\u00eb:<\/li>\n<li>Performanca dhe besueshm\u00ebria e p\u00ebrmir\u00ebsuar<\/li>\n<li>Rritja e siguris\u00eb dhe pajtueshm\u00ebris\u00eb s\u00eb kodit<\/li>\n<li>Estetik\u00eb e k\u00ebndshme<\/li>\n<li>Instalim i shpejt\u00eb dhe sh\u00ebrbim superior.<\/li>\n<\/ul>\n<\/div>\r\n\t<div class=\"bauer-spacer clearfix\" data-desktop=\"60\" data-mobi=\"30\" data-smobi=\"30\"><\/div><div class=\"button-wrap icon-right\" style=\"\" ><a href=\"tel: 355672064551\" target=\"_self\" class=\"bauer-button btn-1049768055 medium no_icon custom outline solid outline-accent\" style=\"border-radius:30px;border-width:2px;\"  data-background=\"\" data-text=\"#f35c27\" data-text-hover=\"#ffffff\" data-background-hover=\"#f35c27\">\r\n\t\t<span style=\"\">Oferta! <\/span>\r\n\t<\/a><\/div><\/div><\/div><\/div><div class=\"wpb_column vc_column_container vc_col-sm-6\"><div class=\"vc_column-inner\"><div class=\"wpb_wrapper\">\r\n\t<div class=\"bauer-spacer clearfix\" data-desktop=\"55\" data-mobi=\"40\" data-smobi=\"40\"><\/div><div class=\"bauer-simple-image text-center\" style=\"\" >\r\n\t\t\t<img decoding=\"async\" alt=\"image\" src=\"https:\/\/emegroup.al\/wp-content\/uploads\/2023\/08\/schindler-elevator-couple-hospital.jpg\" \/> \r\n\t\t<\/div><\/div><\/div><\/div><\/div><\/div><\/div>\r\n\t<div class=\"bauer-spacer clearfix\" data-desktop=\"100\" data-mobi=\"60\" data-smobi=\"60\"><\/div><div class=\"bauer-divider divider-center divider-solid\" style=\"border-top-color:#dd3333;\"><\/div><div class=\"clearfix\"><\/div><\/div><\/div><\/div><\/div><\/div><\/section><\/div><div class=\"vc-custom-col-spacing clearfix vc-col-spacing-30\"><section class=\"wpb_row vc_row-fluid vc_custom_1558754119849 vc_row-has-fill row-content-position-Default\"><div class=\"bauer-container\"><div class=\"row-inner clearfix\"><div class=\"wpb_column vc_column_container vc_col-sm-12\"><div class=\"vc_column-inner\"><div class=\"wpb_wrapper\"><div class=\"bauer-content-box clearfix\" ><div class=\"vc-custom-col-inner-spacing clearfix vc-col-inner-spacing-30\"><div class=\"wpb_row vc_inner vc_row-fluid\"><div class=\"wpb_column vc_column_container vc_col-sm-6\"><div class=\"vc_column-inner\"><div class=\"wpb_wrapper\">\r\n\t<div class=\"bauer-spacer clearfix\" data-desktop=\"100\" data-mobi=\"60\" data-smobi=\"60\"><\/div><div class=\"bauer-text clearfix\" style=\"\"><h3><strong>HXpress standard package<\/strong><\/h3>\n<p>Schindler Miconic\u00ae controller<br \/>\nDoor operator<br \/>\nInterlocks, closers and assembly<br \/>\nHall fixtures and car station<br \/>\nHoistway and machine room wiring<br \/>\nSoft Start line starter<br \/>\nProgard\u00ae L light curtains<br \/>\nCar top maintenance station<br \/>\nFloor leveling system<br \/>\nBattery lowering unit<br \/>\nSafety components<br \/>\nSchindler Ahead service<\/p>\n<h3><strong>Available options<\/strong><\/h3>\n<p>Submersible power unit with hush kit noise suppressor<br \/>\nOil cooler<br \/>\nTank heater<br \/>\nCard reader provisions<\/p>\n<\/div><\/div><\/div><\/div><div class=\"wpb_column vc_column_container vc_col-sm-6\"><div class=\"vc_column-inner\"><div class=\"wpb_wrapper\">\r\n\t<div class=\"bauer-spacer clearfix\" data-desktop=\"55\" data-mobi=\"40\" data-smobi=\"40\"><\/div><div class=\"bauer-simple-image text-center\" style=\"\" >\r\n\t\t\t<img decoding=\"async\" alt=\"image\" src=\"https:\/\/emegroup.al\/wp-content\/uploads\/2023\/08\/sec-hxpress-drawing.jpg\" \/> \r\n\t\t<\/div><\/div><\/div><\/div><\/div><\/div><\/div>\r\n\t<div class=\"bauer-spacer clearfix\" data-desktop=\"100\" data-mobi=\"60\" data-smobi=\"60\"><\/div><\/div><\/div><\/div><\/div><\/div><\/section><\/div><div class=\"vc-custom-col-spacing clearfix vc-col-spacing-30\"><section class=\"wpb_row vc_row-fluid row-content-position-Default\"><div class=\"bauer-container\"><div class=\"row-inner clearfix\"><div class=\"wpb_column vc_column_container vc_col-sm-6\"><div class=\"vc_column-inner\"><div class=\"wpb_wrapper\"><div class=\"bauer-single-heading clearfix\" style=\"\"><span class=\"inner\"><span class=\"heading clearfix\" style=\"color:#000000;font-size:24px;\">\r\n\t\tShkarko Broshuren\r\n\t<\/span><\/span><\/div><div class=\"\"><a class=\"bauer-links link-style-1\" href=\"https:\/\/www.schindler.com\/content\/dam\/website\/us\/docs\/modernization\/schindler-hxpress\/schindler-hxpress-brochure.pdf\/_jcr_content\/renditions\/original.\/schindler-hxpress-brochure.pdf\" style=\"color:#dd3333;\" >\r\n\t\t\t<span class=\"text\" style=\"\">Schindler HXpress brochure (PDF, 4 MB)<\/span> \r\n\t\t<\/a><\/div><\/div><\/div><\/div><div class=\"wpb_column vc_column_container vc_col-sm-6\"><div class=\"vc_column-inner\"><div class=\"wpb_wrapper\"><\/div><\/div><\/div><\/div><\/div><\/section><\/div>\n<\/section>","protected":false},"excerpt":{"rendered":"Schindler HXpress Schindler HXpress modernizes your older hydraulic elevators to meet your specific needs. We focus on what is essential, quickly and quietly. Enhance your elevator\u2019s performance, reliability and safety beyond its original specifications with a complete Schindler HXpress hydraulic modernization. Schindler HXpress modernization benefits include: Improved performance and reliability","protected":false},"author":1,"featured_media":0,"parent":0,"menu_order":0,"comment_status":"closed","ping_status":"closed","template":"","meta":{"footnotes":""},"class_list":["post-9478","page","type-page","status-publish","hentry"],"yoast_head":"<!-- This site is optimized with the Yoast SEO plugin v21.0 - https:\/\/yoast.com\/wordpress\/plugins\/seo\/ -->\n<title>Schindler HXpress<\/title>\n<meta name=\"robots\" content=\"index, follow, max-snippet:-1, max-image-preview:large, max-video-preview:-1\" \/>\n<link rel=\"canonical\" href=\"https:\/\/emegroup.al\/sq\/schindler-hxpress\/\" \/>\n<meta property=\"og:locale\" content=\"sq_AL\" \/>\n<meta property=\"og:type\" content=\"article\" \/>\n<meta property=\"og:title\" content=\"Schindler HXpress\" \/>\n<meta property=\"og:url\" content=\"https:\/\/emegroup.al\/sq\/schindler-hxpress\/\" \/>\n<meta property=\"og:site_name\" content=\"EMEGroup\" \/>\n<meta property=\"article:modified_time\" content=\"2023-08-27T16:17:35+00:00\" \/>\n<meta property=\"og:image\" content=\"https:\/\/emegroup.al\/wp-content\/uploads\/2023\/08\/logo.jpg\" \/>\n\t<meta property=\"og:image:width\" content=\"536\" \/>\n\t<meta property=\"og:image:height\" content=\"366\" \/>\n\t<meta property=\"og:image:type\" content=\"image\/jpeg\" \/>\n<meta name=\"twitter:card\" content=\"summary_large_image\" \/>\n<meta name=\"twitter:label1\" content=\"Est. reading time\" \/>\n\t<meta name=\"twitter:data1\" content=\"2 minuta\" \/>\n<script type=\"application\/ld+json\" class=\"yoast-schema-graph\">{\"@context\":\"https:\/\/schema.org\",\"@graph\":[{\"@type\":\"WebPage\",\"@id\":\"https:\/\/emegroup.al\/schindler-hxpress\/\",\"url\":\"https:\/\/emegroup.al\/schindler-hxpress\/\",\"name\":\"Schindler HXpress\",\"isPartOf\":{\"@id\":\"https:\/\/emegroup.al\/#website\"},\"datePublished\":\"2023-08-26T22:37:32+00:00\",\"dateModified\":\"2023-08-27T16:17:35+00:00\",\"breadcrumb\":{\"@id\":\"https:\/\/emegroup.al\/schindler-hxpress\/#breadcrumb\"},\"inLanguage\":\"sq\",\"potentialAction\":[{\"@type\":\"ReadAction\",\"target\":[\"https:\/\/emegroup.al\/schindler-hxpress\/\"]}]},{\"@type\":\"BreadcrumbList\",\"@id\":\"https:\/\/emegroup.al\/schindler-hxpress\/#breadcrumb\",\"itemListElement\":[{\"@type\":\"ListItem\",\"position\":1,\"name\":\"Home\",\"item\":\"https:\/\/emegroup.al\/\"},{\"@type\":\"ListItem\",\"position\":2,\"name\":\"Schindler HXpress\"}]},{\"@type\":\"WebSite\",\"@id\":\"https:\/\/emegroup.al\/#website\",\"url\":\"https:\/\/emegroup.al\/\",\"name\":\"EMEGroup\",\"description\":\"\",\"publisher\":{\"@id\":\"https:\/\/emegroup.al\/#organization\"},\"potentialAction\":[{\"@type\":\"SearchAction\",\"target\":{\"@type\":\"EntryPoint\",\"urlTemplate\":\"https:\/\/emegroup.al\/?s={search_term_string}\"},\"query-input\":\"required name=search_term_string\"}],\"inLanguage\":\"sq\"},{\"@type\":\"Organization\",\"@id\":\"https:\/\/emegroup.al\/#organization\",\"name\":\"EMEGroup\",\"url\":\"https:\/\/emegroup.al\/\",\"logo\":{\"@type\":\"ImageObject\",\"inLanguage\":\"sq\",\"@id\":\"https:\/\/emegroup.al\/#\/schema\/logo\/image\/\",\"url\":\"https:\/\/emegroup.al\/wp-content\/uploads\/2023\/08\/logoeme.jpg\",\"contentUrl\":\"https:\/\/emegroup.al\/wp-content\/uploads\/2023\/08\/logoeme.jpg\",\"width\":416,\"height\":250,\"caption\":\"EMEGroup\"},\"image\":{\"@id\":\"https:\/\/emegroup.al\/#\/schema\/logo\/image\/\"}}]}<\/script>\n<!-- \/ Yoast SEO plugin. -->","yoast_head_json":{"title":"Schindler HXpress","robots":{"index":"index","follow":"follow","max-snippet":"max-snippet:-1","max-image-preview":"max-image-preview:large","max-video-preview":"max-video-preview:-1"},"canonical":"https:\/\/emegroup.al\/sq\/schindler-hxpress\/","og_locale":"sq_AL","og_type":"article","og_title":"Schindler HXpress","og_url":"https:\/\/emegroup.al\/sq\/schindler-hxpress\/","og_site_name":"EMEGroup","article_modified_time":"2023-08-27T16:17:35+00:00","og_image":[{"width":536,"height":366,"url":"https:\/\/emegroup.al\/wp-content\/uploads\/2023\/08\/logo.jpg","type":"image\/jpeg"}],"twitter_card":"summary_large_image","twitter_misc":{"Est. reading time":"2 minuta"},"schema":{"@context":"https:\/\/schema.org","@graph":[{"@type":"WebPage","@id":"https:\/\/emegroup.al\/schindler-hxpress\/","url":"https:\/\/emegroup.al\/schindler-hxpress\/","name":"Schindler HXpress","isPartOf":{"@id":"https:\/\/emegroup.al\/#website"},"datePublished":"2023-08-26T22:37:32+00:00","dateModified":"2023-08-27T16:17:35+00:00","breadcrumb":{"@id":"https:\/\/emegroup.al\/schindler-hxpress\/#breadcrumb"},"inLanguage":"sq","potentialAction":[{"@type":"ReadAction","target":["https:\/\/emegroup.al\/schindler-hxpress\/"]}]},{"@type":"BreadcrumbList","@id":"https:\/\/emegroup.al\/schindler-hxpress\/#breadcrumb","itemListElement":[{"@type":"ListItem","position":1,"name":"Home","item":"https:\/\/emegroup.al\/"},{"@type":"ListItem","position":2,"name":"Schindler HXpress"}]},{"@type":"WebSite","@id":"https:\/\/emegroup.al\/#website","url":"https:\/\/emegroup.al\/","name":"EMEGroup","description":"","publisher":{"@id":"https:\/\/emegroup.al\/#organization"},"potentialAction":[{"@type":"SearchAction","target":{"@type":"EntryPoint","urlTemplate":"https:\/\/emegroup.al\/?s={search_term_string}"},"query-input":"required name=search_term_string"}],"inLanguage":"sq"},{"@type":"Organization","@id":"https:\/\/emegroup.al\/#organization","name":"EMEGroup","url":"https:\/\/emegroup.al\/","logo":{"@type":"ImageObject","inLanguage":"sq","@id":"https:\/\/emegroup.al\/#\/schema\/logo\/image\/","url":"https:\/\/emegroup.al\/wp-content\/uploads\/2023\/08\/logoeme.jpg","contentUrl":"https:\/\/emegroup.al\/wp-content\/uploads\/2023\/08\/logoeme.jpg","width":416,"height":250,"caption":"EMEGroup"},"image":{"@id":"https:\/\/emegroup.al\/#\/schema\/logo\/image\/"}}]}},"_links":{"self":[{"href":"https:\/\/emegroup.al\/sq\/wp-json\/wp\/v2\/pages\/9478","targetHints":{"allow":["GET"]}}],"collection":[{"href":"https:\/\/emegroup.al\/sq\/wp-json\/wp\/v2\/pages"}],"about":[{"href":"https:\/\/emegroup.al\/sq\/wp-json\/wp\/v2\/types\/page"}],"author":[{"embeddable":true,"href":"https:\/\/emegroup.al\/sq\/wp-json\/wp\/v2\/users\/1"}],"replies":[{"embeddable":true,"href":"https:\/\/emegroup.al\/sq\/wp-json\/wp\/v2\/comments?post=9478"}],"version-history":[{"count":8,"href":"https:\/\/emegroup.al\/sq\/wp-json\/wp\/v2\/pages\/9478\/revisions"}],"predecessor-version":[{"id":9548,"href":"https:\/\/emegroup.al\/sq\/wp-json\/wp\/v2\/pages\/9478\/revisions\/9548"}],"wp:attachment":[{"href":"https:\/\/emegroup.al\/sq\/wp-json\/wp\/v2\/media?parent=9478"}],"curies":[{"name":"wp","href":"https:\/\/api.w.org\/{rel}","templated":true}]}}