{"id":1339,"date":"2017-10-16T13:54:07","date_gmt":"2017-10-16T13:54:07","guid":{"rendered":"http:\/\/ninzio.com\/bauer\/?page_id=1339"},"modified":"2025-02-18T10:31:21","modified_gmt":"2025-02-18T10:31:21","slug":"contact-us","status":"publish","type":"page","link":"https:\/\/emegroup.al\/sq\/contact-us\/","title":{"rendered":"Kontakto"},"content":{"rendered":"<section class=\"wpb-content-wrapper\"><div class=\"vc-custom-col-spacing clearfix vc-col-spacing-30\"><section class=\"wpb_row vc_row-fluid vc_custom_1558796213746 vc_row-has-fill row-content-position-Default\"><div class=\"bauer-container\"><div class=\"row-inner clearfix\"><div class=\"wpb_column vc_column_container vc_col-sm-12\"><div class=\"vc_column-inner\"><div class=\"wpb_wrapper\">\r\n\t<div class=\"bauer-spacer clearfix\" data-desktop=\"100\" data-mobi=\"60\" data-smobi=\"60\"><\/div><div class=\"bauer-content-box clearfix\" ><div class=\"vc-custom-col-inner-spacing clearfix vc-col-inner-spacing-65\"><div class=\"wpb_row vc_inner vc_row-fluid\"><div class=\"wpb_column vc_column_container vc_col-sm-6\"><div class=\"vc_column-inner\"><div class=\"wpb_wrapper\">\n<div class=\"wpcf7 no-js\" id=\"wpcf7-f7-o1\" lang=\"en-US\" dir=\"ltr\">\n<div class=\"screen-reader-response\"><p role=\"status\" aria-live=\"polite\" aria-atomic=\"true\"><\/p> <ul><\/ul><\/div>\n<form action=\"\/sq\/wp-json\/wp\/v2\/pages\/1339#wpcf7-f7-o1\" method=\"post\" class=\"wpcf7-form init\" aria-label=\"Contact form\" novalidate=\"novalidate\" data-status=\"init\" data-trp-original-action=\"\/sq\/wp-json\/wp\/v2\/pages\/1339#wpcf7-f7-o1\">\n<div style=\"display: none;\">\n<input type=\"hidden\" name=\"_wpcf7\" value=\"7\" \/>\n<input type=\"hidden\" name=\"_wpcf7_version\" value=\"5.8\" \/>\n<input type=\"hidden\" name=\"_wpcf7_locale\" value=\"en_US\" \/>\n<input type=\"hidden\" name=\"_wpcf7_unit_tag\" value=\"wpcf7-f7-o1\" \/>\n<input type=\"hidden\" name=\"_wpcf7_container_post\" value=\"0\" \/>\n<input type=\"hidden\" name=\"_wpcf7_posted_data_hash\" value=\"\" \/>\n<input type=\"hidden\" name=\"_wpcf7_recaptcha_response\" value=\"\" \/>\n<\/div>\n<p><label> Your name<br \/>\n<span class=\"wpcf7-form-control-wrap\" data-name=\"your-name\"><input size=\"40\" class=\"wpcf7-form-control wpcf7-text wpcf7-validates-as-required\" autocomplete=\"name\" aria-required=\"true\" aria-invalid=\"false\" value=\"\" type=\"text\" name=\"your-name\" \/><\/span> <\/label>\n<\/p>\n<p><label> Your email<br \/>\n<span class=\"wpcf7-form-control-wrap\" data-name=\"your-email\"><input size=\"40\" class=\"wpcf7-form-control wpcf7-email wpcf7-validates-as-required wpcf7-text wpcf7-validates-as-email\" autocomplete=\"email\" aria-required=\"true\" aria-invalid=\"false\" value=\"\" type=\"email\" name=\"your-email\" \/><\/span> <\/label>\n<\/p>\n<p><label> Subject<br \/>\n<span class=\"wpcf7-form-control-wrap\" data-name=\"your-subject\"><input size=\"40\" class=\"wpcf7-form-control wpcf7-text wpcf7-validates-as-required\" aria-required=\"true\" aria-invalid=\"false\" value=\"\" type=\"text\" name=\"your-subject\" \/><\/span> <\/label>\n<\/p>\n<p><label> Your message (optional)<br \/>\n<span class=\"wpcf7-form-control-wrap\" data-name=\"your-message\"><textarea cols=\"40\" rows=\"10\" class=\"wpcf7-form-control wpcf7-textarea\" aria-invalid=\"false\" name=\"your-message\"><\/textarea><\/span> <\/label>\n<\/p>\n<p><input class=\"wpcf7-form-control wpcf7-submit has-spinner\" type=\"submit\" value=\"Submit\" \/>\n<\/p><div class=\"wpcf7-response-output\" aria-hidden=\"true\"><\/div>\n<input type=\"hidden\" name=\"trp-form-language\" value=\"sq\"\/><\/form>\n<\/div>\n<\/div><\/div><\/div><div class=\"wpb_column vc_column_container vc_col-sm-6\"><div class=\"vc_column-inner\"><div class=\"wpb_wrapper\">\r\n\t<div class=\"bauer-spacer clearfix\" data-desktop=\"45\" data-mobi=\"0\" data-smobi=\"0\"><\/div><div class=\"bauer-single-heading clearfix\" style=\"margin-bottom:25px;\"><span class=\"inner\"><span class=\"heading clearfix\" style=\"font-weight:600;color:#777777;font-size:16px;\">\r\n\t\tNE ND\u00cbRTOJM\u00cb GJ\u00cbRAT NDRYSHE\r\n\t<\/span><\/span><\/div><h2 class=\"bauer-text clearfix\" style=\"font-size:42px;line-height:50px;margin-bottom:32px;\"><p><span class=\"font-weight-300\">Programoni nj\u00eb vler\u00ebsim. Le t\u00eb<\/span> punojme sebashku<\/p>\n<\/h2><div class=\"bauer-text clearfix\" style=\"font-size:18px;line-height:30px;color:#414042;margin-bottom:40px;\"><p><span>EME shet, instalon, monton dhe modernizon sistemet e transportit p\u00ebr pothuajse \u00e7do lloj nd\u00ebrtese n\u00eb Shqip\u00ebri. Kompania p\u00ebrdor n\u00eb teknologjin\u00eb m\u00eb t\u00eb fundit inxhinierike, si dhe produkte t\u00eb teknologjis\u00eb mekanike dhe mikroprocesore t\u00eb projektuara dhe testuar rigorozisht p\u00ebr sigurin\u00eb, komoditetin, efikasitetin dhe besueshm\u00ebrin\u00eb.\u00a0<\/span><\/p>\n<\/div><div class=\"bauer-grid-box clearfix grid2 border-light v-30 h-0 no-borders\" data-grid=\"2\" >\r\n\t\t<div class=\"bauer-icon-box clearfix icon-left align-left  simple\" style=\"background-color:#ffffff;padding:22px 25px 22px 25px;border-radius:5px;border:1px solid #e7e7e7;\" ><div class=\"wrap-inner\" style=\"position: relative;\"><div class=\"bauer-icon icon-183198225 custom accent-bg\"  data-icon=\"#ffffff\">\r\n\t\t\t\t<span class=\"icon\" style=\"font-size:18px;width:42px;height:42px;border-style:solid;border-radius:21px;line-height:44px; box-shadow: 0px 0px 0px 4px rgba(243,92,39,0.2)\"><i class=\"elegant-icon_phone\"><\/i><\/span>\r\n\t\t\t<\/div> <h3 class=\"heading\" style=\"padding-left:59px;color:#777777;font-size:15px;line-height:20px;\">\r\n\t\t\t<span>Kontakto<\/span>\r\n\t\t<\/h3><div class=\"desc\" style=\"padding-left:59px;\"><p><a href=\"tel: 355672064551\"><span>+355672064551<\/span><\/a><br \/>\n<a href=\"tel: 355672064553\">+355672064553<\/a><\/p>\n<\/div> <\/div><\/div><div class=\"bauer-icon-box clearfix icon-left align-left  simple\" style=\"background-color:#ffffff;padding:22px 25px 22px 25px;border-radius:5px;border:1px solid #e7e7e7;\" ><div class=\"wrap-inner\" style=\"position: relative;\"><div class=\"bauer-icon icon-2093987459 custom accent-bg\"  data-icon=\"#ffffff\">\r\n\t\t\t\t<span class=\"icon\" style=\"font-size:18px;width:42px;height:42px;border-style:solid;border-radius:21px;line-height:44px; box-shadow: 0px 0px 0px 4px rgba(243,92,39,0.2)\"><i class=\"elegant-icon_phone\"><\/i><\/span>\r\n\t\t\t<\/div> <h3 class=\"heading\" style=\"padding-left:59px;color:#777777;font-size:15px;line-height:20px;\">\r\n\t\t\t<span>Email<\/span>\r\n\t\t<\/h3><div class=\"desc\" style=\"padding-left:59px;\"><p><a href=\"mailto:info@emegroup.al\"><span class=\"text-accent-color font-weight-500 underline-dashed\">info@emegroup.al<\/span><\/a><\/p>\n<\/div> <\/div><\/div>\n\r\n\t<\/div>\r\n\t<div class=\"bauer-spacer clearfix\" data-desktop=\"50\" data-mobi=\"10\" data-smobi=\"10\"><\/div><\/div><\/div><\/div><\/div><\/div><\/div>\r\n\t<div class=\"bauer-spacer clearfix\" data-desktop=\"100\" data-mobi=\"60\" data-smobi=\"60\"><\/div><\/div><\/div><\/div><\/div><\/div><\/section><\/div>\n<\/section>","protected":false},"excerpt":{"rendered":"Your name Your email Subject Your message (optional) WE BUILD THINGS DIFFERENTLY Schedule an estimate. Let\u2019s work together EME sells, installs, manteins and modernizes transport systems for almost every building type in Albania. The company uses in the latest-technology engineering, as well as mechanical and microprocessor technology products designed and","protected":false},"author":1,"featured_media":0,"parent":0,"menu_order":0,"comment_status":"closed","ping_status":"closed","template":"","meta":{"footnotes":""},"class_list":["post-1339","page","type-page","status-publish","hentry"],"yoast_head":"<!-- This site is optimized with the Yoast SEO plugin v21.0 - https:\/\/yoast.com\/wordpress\/plugins\/seo\/ -->\n<title>Contact Us<\/title>\n<meta name=\"robots\" content=\"index, follow, max-snippet:-1, max-image-preview:large, max-video-preview:-1\" \/>\n<link rel=\"canonical\" href=\"https:\/\/emegroup.al\/sq\/contact-us\/\" \/>\n<meta property=\"og:locale\" content=\"sq_AL\" \/>\n<meta property=\"og:type\" content=\"article\" \/>\n<meta property=\"og:title\" content=\"Contact Us\" \/>\n<meta property=\"og:url\" content=\"https:\/\/emegroup.al\/sq\/contact-us\/\" \/>\n<meta property=\"og:site_name\" content=\"EMEGroup\" \/>\n<meta property=\"article:modified_time\" content=\"2025-02-18T10:31:21+00:00\" \/>\n<meta property=\"og:image\" content=\"https:\/\/emegroup.al\/wp-content\/uploads\/2023\/08\/logo.jpg\" \/>\n\t<meta property=\"og:image:width\" content=\"536\" \/>\n\t<meta property=\"og:image:height\" content=\"366\" \/>\n\t<meta property=\"og:image:type\" content=\"image\/jpeg\" \/>\n<meta name=\"twitter:card\" content=\"summary_large_image\" \/>\n<meta name=\"twitter:label1\" content=\"Est. reading time\" \/>\n\t<meta name=\"twitter:data1\" content=\"1 minut\u00eb\" \/>\n<script type=\"application\/ld+json\" class=\"yoast-schema-graph\">{\"@context\":\"https:\/\/schema.org\",\"@graph\":[{\"@type\":\"WebPage\",\"@id\":\"https:\/\/emegroup.al\/contact-us\/\",\"url\":\"https:\/\/emegroup.al\/contact-us\/\",\"name\":\"Contact Us\",\"isPartOf\":{\"@id\":\"https:\/\/emegroup.al\/#website\"},\"datePublished\":\"2017-10-16T13:54:07+00:00\",\"dateModified\":\"2025-02-18T10:31:21+00:00\",\"breadcrumb\":{\"@id\":\"https:\/\/emegroup.al\/contact-us\/#breadcrumb\"},\"inLanguage\":\"sq\",\"potentialAction\":[{\"@type\":\"ReadAction\",\"target\":[\"https:\/\/emegroup.al\/contact-us\/\"]}]},{\"@type\":\"BreadcrumbList\",\"@id\":\"https:\/\/emegroup.al\/contact-us\/#breadcrumb\",\"itemListElement\":[{\"@type\":\"ListItem\",\"position\":1,\"name\":\"Home\",\"item\":\"https:\/\/emegroup.al\/\"},{\"@type\":\"ListItem\",\"position\":2,\"name\":\"Contact Us\"}]},{\"@type\":\"WebSite\",\"@id\":\"https:\/\/emegroup.al\/#website\",\"url\":\"https:\/\/emegroup.al\/\",\"name\":\"EMEGroup\",\"description\":\"\",\"publisher\":{\"@id\":\"https:\/\/emegroup.al\/#organization\"},\"potentialAction\":[{\"@type\":\"SearchAction\",\"target\":{\"@type\":\"EntryPoint\",\"urlTemplate\":\"https:\/\/emegroup.al\/?s={search_term_string}\"},\"query-input\":\"required name=search_term_string\"}],\"inLanguage\":\"sq\"},{\"@type\":\"Organization\",\"@id\":\"https:\/\/emegroup.al\/#organization\",\"name\":\"EMEGroup\",\"url\":\"https:\/\/emegroup.al\/\",\"logo\":{\"@type\":\"ImageObject\",\"inLanguage\":\"sq\",\"@id\":\"https:\/\/emegroup.al\/#\/schema\/logo\/image\/\",\"url\":\"https:\/\/emegroup.al\/wp-content\/uploads\/2023\/08\/logoeme.jpg\",\"contentUrl\":\"https:\/\/emegroup.al\/wp-content\/uploads\/2023\/08\/logoeme.jpg\",\"width\":416,\"height\":250,\"caption\":\"EMEGroup\"},\"image\":{\"@id\":\"https:\/\/emegroup.al\/#\/schema\/logo\/image\/\"}}]}<\/script>\n<!-- \/ Yoast SEO plugin. -->","yoast_head_json":{"title":"Contact Us","robots":{"index":"index","follow":"follow","max-snippet":"max-snippet:-1","max-image-preview":"max-image-preview:large","max-video-preview":"max-video-preview:-1"},"canonical":"https:\/\/emegroup.al\/sq\/contact-us\/","og_locale":"sq_AL","og_type":"article","og_title":"Contact Us","og_url":"https:\/\/emegroup.al\/sq\/contact-us\/","og_site_name":"EMEGroup","article_modified_time":"2025-02-18T10:31:21+00:00","og_image":[{"width":536,"height":366,"url":"https:\/\/emegroup.al\/wp-content\/uploads\/2023\/08\/logo.jpg","type":"image\/jpeg"}],"twitter_card":"summary_large_image","twitter_misc":{"Est. reading time":"1 minut\u00eb"},"schema":{"@context":"https:\/\/schema.org","@graph":[{"@type":"WebPage","@id":"https:\/\/emegroup.al\/contact-us\/","url":"https:\/\/emegroup.al\/contact-us\/","name":"Contact Us","isPartOf":{"@id":"https:\/\/emegroup.al\/#website"},"datePublished":"2017-10-16T13:54:07+00:00","dateModified":"2025-02-18T10:31:21+00:00","breadcrumb":{"@id":"https:\/\/emegroup.al\/contact-us\/#breadcrumb"},"inLanguage":"sq","potentialAction":[{"@type":"ReadAction","target":["https:\/\/emegroup.al\/contact-us\/"]}]},{"@type":"BreadcrumbList","@id":"https:\/\/emegroup.al\/contact-us\/#breadcrumb","itemListElement":[{"@type":"ListItem","position":1,"name":"Home","item":"https:\/\/emegroup.al\/"},{"@type":"ListItem","position":2,"name":"Contact Us"}]},{"@type":"WebSite","@id":"https:\/\/emegroup.al\/#website","url":"https:\/\/emegroup.al\/","name":"EMEGroup","description":"","publisher":{"@id":"https:\/\/emegroup.al\/#organization"},"potentialAction":[{"@type":"SearchAction","target":{"@type":"EntryPoint","urlTemplate":"https:\/\/emegroup.al\/?s={search_term_string}"},"query-input":"required name=search_term_string"}],"inLanguage":"sq"},{"@type":"Organization","@id":"https:\/\/emegroup.al\/#organization","name":"EMEGroup","url":"https:\/\/emegroup.al\/","logo":{"@type":"ImageObject","inLanguage":"sq","@id":"https:\/\/emegroup.al\/#\/schema\/logo\/image\/","url":"https:\/\/emegroup.al\/wp-content\/uploads\/2023\/08\/logoeme.jpg","contentUrl":"https:\/\/emegroup.al\/wp-content\/uploads\/2023\/08\/logoeme.jpg","width":416,"height":250,"caption":"EMEGroup"},"image":{"@id":"https:\/\/emegroup.al\/#\/schema\/logo\/image\/"}}]}},"_links":{"self":[{"href":"https:\/\/emegroup.al\/sq\/wp-json\/wp\/v2\/pages\/1339","targetHints":{"allow":["GET"]}}],"collection":[{"href":"https:\/\/emegroup.al\/sq\/wp-json\/wp\/v2\/pages"}],"about":[{"href":"https:\/\/emegroup.al\/sq\/wp-json\/wp\/v2\/types\/page"}],"author":[{"embeddable":true,"href":"https:\/\/emegroup.al\/sq\/wp-json\/wp\/v2\/users\/1"}],"replies":[{"embeddable":true,"href":"https:\/\/emegroup.al\/sq\/wp-json\/wp\/v2\/comments?post=1339"}],"version-history":[{"count":12,"href":"https:\/\/emegroup.al\/sq\/wp-json\/wp\/v2\/pages\/1339\/revisions"}],"predecessor-version":[{"id":9806,"href":"https:\/\/emegroup.al\/sq\/wp-json\/wp\/v2\/pages\/1339\/revisions\/9806"}],"wp:attachment":[{"href":"https:\/\/emegroup.al\/sq\/wp-json\/wp\/v2\/media?parent=1339"}],"curies":[{"name":"wp","href":"https:\/\/api.w.org\/{rel}","templated":true}]}}